{"id":543,"date":"2023-08-01T16:27:00","date_gmt":"2023-08-01T14:27:00","guid":{"rendered":"https:\/\/aromes-en-scene-cocktails.com\/?post_type=product&#038;p=543"},"modified":"2023-08-15T00:09:44","modified_gmt":"2023-08-14T22:09:44","slug":"cafe-concorde","status":"publish","type":"product","link":"https:\/\/aromes-en-scene-cocktails.com\/en\/product\/cafe-concorde\/","title":{"rendered":"Caf\u00e9 Concorde"},"content":{"rendered":"<p>Dans une tasse<\/p>\n<ul>\n<li>FLAMBER 3CL DE COINTREAU DANS UNE TASSE (1mn environ)<\/li>\n<li>VERSER LE CAFE TRES CHAUD SUR LE COINTREAU FLAMBANT\n<ul>\n<li>FACULTATIF : UNE CUILLERE A CAFE DE CHOCOLAT ET DE SUCRE FONDUS<\/li>\n<\/ul>\n<\/li>\n<li>MELANGER<\/li>\n<li>AJOUTER 2 CUILLEREES DE CREME FRAICHE FOUETTEE<\/li>\n<li>BOIRE SANS MELANGER<\/li>\n<\/ul>","protected":false},"excerpt":{"rendered":"<p>Dans une tasse FLAMBER 3CL DE COINTREAU DANS UNE TASSE (1mn environ) VERSER LE CAFE TRES CHAUD SUR LE COINTREAU FLAMBANT FACULTATIF : UNE CUILLERE A CAFE DE CHOCOLAT ET DE SUCRE FONDUS MELANGER AJOUTER 2 CUILLEREES DE CREME FRAICHE FOUETTEE BOIRE SANS MELANGER<\/p>","protected":false},"featured_media":559,"comment_status":"open","ping_status":"closed","template":"","meta":[],"product_brand":[],"product_cat":[39],"product_tag":[],"class_list":{"0":"post-543","1":"product","2":"type-product","3":"status-publish","4":"has-post-thumbnail","6":"product_cat-liqueurs-et-creme","7":"pa_alcool-cointreau","8":"pa_ingredient-cafe","9":"pa_ingredient-chocolat","10":"pa_ingredient-craime-fraiche","12":"first","13":"instock","14":"shipping-taxable","15":"product-type-simple"},"yoast_head":"<!-- This site is optimized with the Yoast SEO plugin v26.6 - https:\/\/yoast.com\/wordpress\/plugins\/seo\/ -->\n<title>Caf\u00e9 Concorde - Ar\u00f4mes en Sc\u00e8ne<\/title>\n<meta name=\"robots\" content=\"index, follow, max-snippet:-1, max-image-preview:large, max-video-preview:-1\" \/>\n<link rel=\"canonical\" href=\"https:\/\/aromes-en-scene-cocktails.com\/en\/product\/cafe-concorde\/\" \/>\n<meta property=\"og:locale\" content=\"en_GB\" \/>\n<meta property=\"og:type\" content=\"article\" \/>\n<meta property=\"og:title\" content=\"Caf\u00e9 Concorde - Ar\u00f4mes en Sc\u00e8ne\" \/>\n<meta property=\"og:description\" content=\"Dans une tasse FLAMBER 3CL DE COINTREAU DANS UNE TASSE (1mn environ) VERSER LE CAFE TRES CHAUD SUR LE COINTREAU FLAMBANT FACULTATIF : UNE CUILLERE A CAFE DE CHOCOLAT ET DE SUCRE FONDUS MELANGER AJOUTER 2 CUILLEREES DE CREME FRAICHE FOUETTEE BOIRE SANS MELANGER\" \/>\n<meta property=\"og:url\" content=\"https:\/\/aromes-en-scene-cocktails.com\/en\/product\/cafe-concorde\/\" \/>\n<meta property=\"og:site_name\" content=\"Ar\u00f4mes en Sc\u00e8ne\" \/>\n<meta property=\"article:modified_time\" content=\"2023-08-14T22:09:44+00:00\" \/>\n<meta property=\"og:image\" content=\"https:\/\/aromes-en-scene-cocktails.com\/wp-content\/uploads\/2023\/08\/DALL\u00b7E-2023-08-15-00.08.08-Fais-moi-une-image-realiste-du-cocktail-_cafe-concorde_-pour-mon-restaurant.png\" \/>\n\t<meta property=\"og:image:width\" content=\"1024\" \/>\n\t<meta property=\"og:image:height\" content=\"1024\" \/>\n\t<meta property=\"og:image:type\" content=\"image\/png\" \/>\n<meta name=\"twitter:card\" content=\"summary_large_image\" \/>\n<meta name=\"twitter:label1\" content=\"Estimated reading time\" \/>\n\t<meta name=\"twitter:data1\" content=\"1 minute\" \/>\n<script type=\"application\/ld+json\" class=\"yoast-schema-graph\">{\"@context\":\"https:\/\/schema.org\",\"@graph\":[{\"@type\":\"WebPage\",\"@id\":\"https:\/\/aromes-en-scene-cocktails.com\/en\/product\/cafe-concorde\/\",\"url\":\"https:\/\/aromes-en-scene-cocktails.com\/en\/product\/cafe-concorde\/\",\"name\":\"Caf\u00e9 Concorde - Ar\u00f4mes en Sc\u00e8ne\",\"isPartOf\":{\"@id\":\"https:\/\/aromes-en-scene-cocktails.com\/en\/#website\"},\"primaryImageOfPage\":{\"@id\":\"https:\/\/aromes-en-scene-cocktails.com\/en\/product\/cafe-concorde\/#primaryimage\"},\"image\":{\"@id\":\"https:\/\/aromes-en-scene-cocktails.com\/en\/product\/cafe-concorde\/#primaryimage\"},\"thumbnailUrl\":\"https:\/\/aromes-en-scene-cocktails.com\/wp-content\/uploads\/2023\/08\/DALL\u00b7E-2023-08-15-00.08.08-Fais-moi-une-image-realiste-du-cocktail-_cafe-concorde_-pour-mon-restaurant.png\",\"datePublished\":\"2023-08-01T14:27:00+00:00\",\"dateModified\":\"2023-08-14T22:09:44+00:00\",\"breadcrumb\":{\"@id\":\"https:\/\/aromes-en-scene-cocktails.com\/en\/product\/cafe-concorde\/#breadcrumb\"},\"inLanguage\":\"en-GB\",\"potentialAction\":[{\"@type\":\"ReadAction\",\"target\":[\"https:\/\/aromes-en-scene-cocktails.com\/en\/product\/cafe-concorde\/\"]}]},{\"@type\":\"ImageObject\",\"inLanguage\":\"en-GB\",\"@id\":\"https:\/\/aromes-en-scene-cocktails.com\/en\/product\/cafe-concorde\/#primaryimage\",\"url\":\"https:\/\/aromes-en-scene-cocktails.com\/wp-content\/uploads\/2023\/08\/DALL\u00b7E-2023-08-15-00.08.08-Fais-moi-une-image-realiste-du-cocktail-_cafe-concorde_-pour-mon-restaurant.png\",\"contentUrl\":\"https:\/\/aromes-en-scene-cocktails.com\/wp-content\/uploads\/2023\/08\/DALL\u00b7E-2023-08-15-00.08.08-Fais-moi-une-image-realiste-du-cocktail-_cafe-concorde_-pour-mon-restaurant.png\",\"width\":1024,\"height\":1024},{\"@type\":\"BreadcrumbList\",\"@id\":\"https:\/\/aromes-en-scene-cocktails.com\/en\/product\/cafe-concorde\/#breadcrumb\",\"itemListElement\":[{\"@type\":\"ListItem\",\"position\":1,\"name\":\"Home\",\"item\":\"https:\/\/aromes-en-scene-cocktails.com\/\"},{\"@type\":\"ListItem\",\"position\":2,\"name\":\"Produits\",\"item\":\"https:\/\/aromes-en-scene-cocktails.com\/boutique\/\"},{\"@type\":\"ListItem\",\"position\":3,\"name\":\"Caf\u00e9 Concorde\"}]},{\"@type\":\"WebSite\",\"@id\":\"https:\/\/aromes-en-scene-cocktails.com\/en\/#website\",\"url\":\"https:\/\/aromes-en-scene-cocktails.com\/en\/\",\"name\":\"Ar\u00f4mes en Sc\u00e8ne\",\"description\":\"Unlimited cocktails, endless flavors\",\"publisher\":{\"@id\":\"https:\/\/aromes-en-scene-cocktails.com\/en\/#organization\"},\"potentialAction\":[{\"@type\":\"SearchAction\",\"target\":{\"@type\":\"EntryPoint\",\"urlTemplate\":\"https:\/\/aromes-en-scene-cocktails.com\/en\/?s={search_term_string}\"},\"query-input\":{\"@type\":\"PropertyValueSpecification\",\"valueRequired\":true,\"valueName\":\"search_term_string\"}}],\"inLanguage\":\"en-GB\"},{\"@type\":\"Organization\",\"@id\":\"https:\/\/aromes-en-scene-cocktails.com\/en\/#organization\",\"name\":\"Ar\u00f4mes en Sc\u00e8ne\",\"url\":\"https:\/\/aromes-en-scene-cocktails.com\/en\/\",\"logo\":{\"@type\":\"ImageObject\",\"inLanguage\":\"en-GB\",\"@id\":\"https:\/\/aromes-en-scene-cocktails.com\/en\/#\/schema\/logo\/image\/\",\"url\":\"https:\/\/aromes-en-scene-cocktails.com\/wp-content\/uploads\/2023\/06\/cocktail-avec-tranche-de-citron.png\",\"contentUrl\":\"https:\/\/aromes-en-scene-cocktails.com\/wp-content\/uploads\/2023\/06\/cocktail-avec-tranche-de-citron.png\",\"width\":512,\"height\":512,\"caption\":\"Ar\u00f4mes en Sc\u00e8ne\"},\"image\":{\"@id\":\"https:\/\/aromes-en-scene-cocktails.com\/en\/#\/schema\/logo\/image\/\"}}]}<\/script>\n<!-- \/ Yoast SEO plugin. -->","yoast_head_json":{"title":"Caf\u00e9 Concorde - Ar\u00f4mes en Sc\u00e8ne","robots":{"index":"index","follow":"follow","max-snippet":"max-snippet:-1","max-image-preview":"max-image-preview:large","max-video-preview":"max-video-preview:-1"},"canonical":"https:\/\/aromes-en-scene-cocktails.com\/en\/product\/cafe-concorde\/","og_locale":"en_GB","og_type":"article","og_title":"Caf\u00e9 Concorde - Ar\u00f4mes en Sc\u00e8ne","og_description":"Dans une tasse FLAMBER 3CL DE COINTREAU DANS UNE TASSE (1mn environ) VERSER LE CAFE TRES CHAUD SUR LE COINTREAU FLAMBANT FACULTATIF : UNE CUILLERE A CAFE DE CHOCOLAT ET DE SUCRE FONDUS MELANGER AJOUTER 2 CUILLEREES DE CREME FRAICHE FOUETTEE BOIRE SANS MELANGER","og_url":"https:\/\/aromes-en-scene-cocktails.com\/en\/product\/cafe-concorde\/","og_site_name":"Ar\u00f4mes en Sc\u00e8ne","article_modified_time":"2023-08-14T22:09:44+00:00","og_image":[{"width":1024,"height":1024,"url":"https:\/\/aromes-en-scene-cocktails.com\/wp-content\/uploads\/2023\/08\/DALL\u00b7E-2023-08-15-00.08.08-Fais-moi-une-image-realiste-du-cocktail-_cafe-concorde_-pour-mon-restaurant.png","type":"image\/png"}],"twitter_card":"summary_large_image","twitter_misc":{"Estimated reading time":"1 minute"},"schema":{"@context":"https:\/\/schema.org","@graph":[{"@type":"WebPage","@id":"https:\/\/aromes-en-scene-cocktails.com\/en\/product\/cafe-concorde\/","url":"https:\/\/aromes-en-scene-cocktails.com\/en\/product\/cafe-concorde\/","name":"Caf\u00e9 Concorde - Ar\u00f4mes en Sc\u00e8ne","isPartOf":{"@id":"https:\/\/aromes-en-scene-cocktails.com\/en\/#website"},"primaryImageOfPage":{"@id":"https:\/\/aromes-en-scene-cocktails.com\/en\/product\/cafe-concorde\/#primaryimage"},"image":{"@id":"https:\/\/aromes-en-scene-cocktails.com\/en\/product\/cafe-concorde\/#primaryimage"},"thumbnailUrl":"https:\/\/aromes-en-scene-cocktails.com\/wp-content\/uploads\/2023\/08\/DALL\u00b7E-2023-08-15-00.08.08-Fais-moi-une-image-realiste-du-cocktail-_cafe-concorde_-pour-mon-restaurant.png","datePublished":"2023-08-01T14:27:00+00:00","dateModified":"2023-08-14T22:09:44+00:00","breadcrumb":{"@id":"https:\/\/aromes-en-scene-cocktails.com\/en\/product\/cafe-concorde\/#breadcrumb"},"inLanguage":"en-GB","potentialAction":[{"@type":"ReadAction","target":["https:\/\/aromes-en-scene-cocktails.com\/en\/product\/cafe-concorde\/"]}]},{"@type":"ImageObject","inLanguage":"en-GB","@id":"https:\/\/aromes-en-scene-cocktails.com\/en\/product\/cafe-concorde\/#primaryimage","url":"https:\/\/aromes-en-scene-cocktails.com\/wp-content\/uploads\/2023\/08\/DALL\u00b7E-2023-08-15-00.08.08-Fais-moi-une-image-realiste-du-cocktail-_cafe-concorde_-pour-mon-restaurant.png","contentUrl":"https:\/\/aromes-en-scene-cocktails.com\/wp-content\/uploads\/2023\/08\/DALL\u00b7E-2023-08-15-00.08.08-Fais-moi-une-image-realiste-du-cocktail-_cafe-concorde_-pour-mon-restaurant.png","width":1024,"height":1024},{"@type":"BreadcrumbList","@id":"https:\/\/aromes-en-scene-cocktails.com\/en\/product\/cafe-concorde\/#breadcrumb","itemListElement":[{"@type":"ListItem","position":1,"name":"Home","item":"https:\/\/aromes-en-scene-cocktails.com\/"},{"@type":"ListItem","position":2,"name":"Produits","item":"https:\/\/aromes-en-scene-cocktails.com\/boutique\/"},{"@type":"ListItem","position":3,"name":"Caf\u00e9 Concorde"}]},{"@type":"WebSite","@id":"https:\/\/aromes-en-scene-cocktails.com\/en\/#website","url":"https:\/\/aromes-en-scene-cocktails.com\/en\/","name":"Ar\u00f4mes en Sc\u00e8ne","description":"Unlimited cocktails, endless flavors","publisher":{"@id":"https:\/\/aromes-en-scene-cocktails.com\/en\/#organization"},"potentialAction":[{"@type":"SearchAction","target":{"@type":"EntryPoint","urlTemplate":"https:\/\/aromes-en-scene-cocktails.com\/en\/?s={search_term_string}"},"query-input":{"@type":"PropertyValueSpecification","valueRequired":true,"valueName":"search_term_string"}}],"inLanguage":"en-GB"},{"@type":"Organization","@id":"https:\/\/aromes-en-scene-cocktails.com\/en\/#organization","name":"Ar\u00f4mes en Sc\u00e8ne","url":"https:\/\/aromes-en-scene-cocktails.com\/en\/","logo":{"@type":"ImageObject","inLanguage":"en-GB","@id":"https:\/\/aromes-en-scene-cocktails.com\/en\/#\/schema\/logo\/image\/","url":"https:\/\/aromes-en-scene-cocktails.com\/wp-content\/uploads\/2023\/06\/cocktail-avec-tranche-de-citron.png","contentUrl":"https:\/\/aromes-en-scene-cocktails.com\/wp-content\/uploads\/2023\/06\/cocktail-avec-tranche-de-citron.png","width":512,"height":512,"caption":"Ar\u00f4mes en Sc\u00e8ne"},"image":{"@id":"https:\/\/aromes-en-scene-cocktails.com\/en\/#\/schema\/logo\/image\/"}}]}},"featured_media_urls":{"thumbnail":["https:\/\/aromes-en-scene-cocktails.com\/wp-content\/uploads\/2023\/08\/DALL\u00b7E-2023-08-15-00.08.08-Fais-moi-une-image-realiste-du-cocktail-_cafe-concorde_-pour-mon-restaurant-150x150.png",150,150,true],"medium":["https:\/\/aromes-en-scene-cocktails.com\/wp-content\/uploads\/2023\/08\/DALL\u00b7E-2023-08-15-00.08.08-Fais-moi-une-image-realiste-du-cocktail-_cafe-concorde_-pour-mon-restaurant-300x300.png",300,300,true],"medium_large":["https:\/\/aromes-en-scene-cocktails.com\/wp-content\/uploads\/2023\/08\/DALL\u00b7E-2023-08-15-00.08.08-Fais-moi-une-image-realiste-du-cocktail-_cafe-concorde_-pour-mon-restaurant-768x768.png",768,768,true],"large":["https:\/\/aromes-en-scene-cocktails.com\/wp-content\/uploads\/2023\/08\/DALL\u00b7E-2023-08-15-00.08.08-Fais-moi-une-image-realiste-du-cocktail-_cafe-concorde_-pour-mon-restaurant.png",950,950,false],"1536x1536":["https:\/\/aromes-en-scene-cocktails.com\/wp-content\/uploads\/2023\/08\/DALL\u00b7E-2023-08-15-00.08.08-Fais-moi-une-image-realiste-du-cocktail-_cafe-concorde_-pour-mon-restaurant.png",1024,1024,false],"2048x2048":["https:\/\/aromes-en-scene-cocktails.com\/wp-content\/uploads\/2023\/08\/DALL\u00b7E-2023-08-15-00.08.08-Fais-moi-une-image-realiste-du-cocktail-_cafe-concorde_-pour-mon-restaurant.png",1024,1024,false],"trp-custom-language-flag":["https:\/\/aromes-en-scene-cocktails.com\/wp-content\/uploads\/2023\/08\/DALL\u00b7E-2023-08-15-00.08.08-Fais-moi-une-image-realiste-du-cocktail-_cafe-concorde_-pour-mon-restaurant-12x12.png",12,12,true],"inspiro-featured-image":["https:\/\/aromes-en-scene-cocktails.com\/wp-content\/uploads\/2023\/08\/DALL\u00b7E-2023-08-15-00.08.08-Fais-moi-une-image-realiste-du-cocktail-_cafe-concorde_-pour-mon-restaurant.png",1024,1024,false],"inspiro-loop":["https:\/\/aromes-en-scene-cocktails.com\/wp-content\/uploads\/2023\/08\/DALL\u00b7E-2023-08-15-00.08.08-Fais-moi-une-image-realiste-du-cocktail-_cafe-concorde_-pour-mon-restaurant-950x320.png",950,320,true],"inspiro-loop@2x":["https:\/\/aromes-en-scene-cocktails.com\/wp-content\/uploads\/2023\/08\/DALL\u00b7E-2023-08-15-00.08.08-Fais-moi-une-image-realiste-du-cocktail-_cafe-concorde_-pour-mon-restaurant-1024x640.png",1024,640,true],"woocommerce_thumbnail":["https:\/\/aromes-en-scene-cocktails.com\/wp-content\/uploads\/2023\/08\/DALL\u00b7E-2023-08-15-00.08.08-Fais-moi-une-image-realiste-du-cocktail-_cafe-concorde_-pour-mon-restaurant-300x300.png",300,300,true],"woocommerce_single":["https:\/\/aromes-en-scene-cocktails.com\/wp-content\/uploads\/2023\/08\/DALL\u00b7E-2023-08-15-00.08.08-Fais-moi-une-image-realiste-du-cocktail-_cafe-concorde_-pour-mon-restaurant-600x600.png",600,600,true],"woocommerce_gallery_thumbnail":["https:\/\/aromes-en-scene-cocktails.com\/wp-content\/uploads\/2023\/08\/DALL\u00b7E-2023-08-15-00.08.08-Fais-moi-une-image-realiste-du-cocktail-_cafe-concorde_-pour-mon-restaurant-100x100.png",100,100,true],"portfolio_item-thumbnail":["https:\/\/aromes-en-scene-cocktails.com\/wp-content\/uploads\/2023\/08\/DALL\u00b7E-2023-08-15-00.08.08-Fais-moi-une-image-realiste-du-cocktail-_cafe-concorde_-pour-mon-restaurant.png",400,400,false],"portfolio_item-thumbnail@2x":["https:\/\/aromes-en-scene-cocktails.com\/wp-content\/uploads\/2023\/08\/DALL\u00b7E-2023-08-15-00.08.08-Fais-moi-une-image-realiste-du-cocktail-_cafe-concorde_-pour-mon-restaurant.png",800,800,false],"portfolio_item-masonry":["https:\/\/aromes-en-scene-cocktails.com\/wp-content\/uploads\/2023\/08\/DALL\u00b7E-2023-08-15-00.08.08-Fais-moi-une-image-realiste-du-cocktail-_cafe-concorde_-pour-mon-restaurant.png",600,600,false],"portfolio_item-masonry@2x":["https:\/\/aromes-en-scene-cocktails.com\/wp-content\/uploads\/2023\/08\/DALL\u00b7E-2023-08-15-00.08.08-Fais-moi-une-image-realiste-du-cocktail-_cafe-concorde_-pour-mon-restaurant.png",1024,1024,false],"portfolio_item-thumbnail_cinema":["https:\/\/aromes-en-scene-cocktails.com\/wp-content\/uploads\/2023\/08\/DALL\u00b7E-2023-08-15-00.08.08-Fais-moi-une-image-realiste-du-cocktail-_cafe-concorde_-pour-mon-restaurant.png",335,335,false],"portfolio_item-thumbnail_portrait":["https:\/\/aromes-en-scene-cocktails.com\/wp-content\/uploads\/2023\/08\/DALL\u00b7E-2023-08-15-00.08.08-Fais-moi-une-image-realiste-du-cocktail-_cafe-concorde_-pour-mon-restaurant.png",600,600,false],"portfolio_item-thumbnail_portrait@2x":["https:\/\/aromes-en-scene-cocktails.com\/wp-content\/uploads\/2023\/08\/DALL\u00b7E-2023-08-15-00.08.08-Fais-moi-une-image-realiste-du-cocktail-_cafe-concorde_-pour-mon-restaurant.png",1024,1024,false],"portfolio_item-thumbnail_square":["https:\/\/aromes-en-scene-cocktails.com\/wp-content\/uploads\/2023\/08\/DALL\u00b7E-2023-08-15-00.08.08-Fais-moi-une-image-realiste-du-cocktail-_cafe-concorde_-pour-mon-restaurant.png",800,800,false]},"_links":{"self":[{"href":"https:\/\/aromes-en-scene-cocktails.com\/en\/wp-json\/wp\/v2\/product\/543","targetHints":{"allow":["GET"]}}],"collection":[{"href":"https:\/\/aromes-en-scene-cocktails.com\/en\/wp-json\/wp\/v2\/product"}],"about":[{"href":"https:\/\/aromes-en-scene-cocktails.com\/en\/wp-json\/wp\/v2\/types\/product"}],"replies":[{"embeddable":true,"href":"https:\/\/aromes-en-scene-cocktails.com\/en\/wp-json\/wp\/v2\/comments?post=543"}],"version-history":[{"count":2,"href":"https:\/\/aromes-en-scene-cocktails.com\/en\/wp-json\/wp\/v2\/product\/543\/revisions"}],"predecessor-version":[{"id":547,"href":"https:\/\/aromes-en-scene-cocktails.com\/en\/wp-json\/wp\/v2\/product\/543\/revisions\/547"}],"wp:featuredmedia":[{"embeddable":true,"href":"https:\/\/aromes-en-scene-cocktails.com\/en\/wp-json\/wp\/v2\/media\/559"}],"wp:attachment":[{"href":"https:\/\/aromes-en-scene-cocktails.com\/en\/wp-json\/wp\/v2\/media?parent=543"}],"wp:term":[{"taxonomy":"product_brand","embeddable":true,"href":"https:\/\/aromes-en-scene-cocktails.com\/en\/wp-json\/wp\/v2\/product_brand?post=543"},{"taxonomy":"product_cat","embeddable":true,"href":"https:\/\/aromes-en-scene-cocktails.com\/en\/wp-json\/wp\/v2\/product_cat?post=543"},{"taxonomy":"product_tag","embeddable":true,"href":"https:\/\/aromes-en-scene-cocktails.com\/en\/wp-json\/wp\/v2\/product_tag?post=543"}],"curies":[{"name":"wp","href":"https:\/\/api.w.org\/{rel}","templated":true}]}}