{"id":562,"date":"2023-08-15T18:41:20","date_gmt":"2023-08-15T16:41:20","guid":{"rendered":"https:\/\/aromes-en-scene-cocktails.com\/?post_type=product&#038;p=562"},"modified":"2023-09-17T21:46:17","modified_gmt":"2023-09-17T19:46:17","slug":"revolution","status":"publish","type":"product","link":"https:\/\/aromes-en-scene-cocktails.com\/en\/product\/revolution\/","title":{"rendered":"R\u00e9volution"},"content":{"rendered":"<p>Dans un shaker garni de cubes de glace, verser :<\/p>\n<ul>\n<li>1 mesure de nectar de poire<\/li>\n<li>1\/4 mesure de Cointreau<\/li>\n<\/ul>\n<p>Bien agiter, passer dans un verre tumbler.<\/p>\n<ul>\n<li>Faire tomber un trait de grenadine.<\/li>\n<\/ul>\n<p>Dans un verre \u00e0 m\u00e9lange garni de cubes de glace, verser :<\/p>\n<ul>\n<li>1\/4 mesure d&rsquo;alcool de poire<\/li>\n<li>1 trait de Cura\u00e7ao bleu<\/li>\n<\/ul>\n<p>Bien m\u00e9langer et verser d\u00e9licatement sur le dos d&rsquo;une cuill\u00e8re qui effleure le m\u00e9lange pr\u00e9c\u00e9dent.<\/p>\n<p>Boire par \u00e9tape, avec une paille en commen\u00e7ant par le fond du verre.<\/p>\n<p>&nbsp;<\/p>","protected":false},"excerpt":{"rendered":"<p>Dans un shaker garni de cubes de glace, verser : 1 mesure de nectar de poire 1\/4 mesure de Cointreau Bien agiter, passer dans un verre tumbler. Faire tomber un trait de grenadine. Dans un verre \u00e0 m\u00e9lange garni de cubes de glace, verser : 1\/4 mesure d&rsquo;alcool de poire 1 trait de Cura\u00e7ao bleu &hellip; <\/p>\n<p class=\"link-more\"><a href=\"https:\/\/aromes-en-scene-cocktails.com\/en\/product\/revolution\/\" class=\"more-link\">Read more<span class=\"screen-reader-text\"> \u00ab\u00a0R\u00e9volution\u00a0\u00bb<\/span><\/a><\/p>","protected":false},"featured_media":576,"comment_status":"open","ping_status":"closed","template":"","meta":[],"product_brand":[],"product_cat":[106,39],"product_tag":[],"class_list":{"0":"post-562","1":"product","2":"type-product","3":"status-publish","4":"has-post-thumbnail","6":"product_cat-eau-de-vie","7":"product_cat-liqueurs-et-creme","9":"first","10":"instock","11":"shipping-taxable","12":"product-type-simple"},"yoast_head":"<!-- This site is optimized with the Yoast SEO plugin v26.6 - https:\/\/yoast.com\/wordpress\/plugins\/seo\/ -->\n<title>R\u00e9volution - Ar\u00f4mes en Sc\u00e8ne<\/title>\n<meta name=\"robots\" content=\"index, follow, max-snippet:-1, max-image-preview:large, max-video-preview:-1\" \/>\n<link rel=\"canonical\" href=\"https:\/\/aromes-en-scene-cocktails.com\/en\/product\/revolution\/\" \/>\n<meta property=\"og:locale\" content=\"en_GB\" \/>\n<meta property=\"og:type\" content=\"article\" \/>\n<meta property=\"og:title\" content=\"R\u00e9volution - Ar\u00f4mes en Sc\u00e8ne\" \/>\n<meta property=\"og:description\" content=\"Dans un shaker garni de cubes de glace, verser : 1 mesure de nectar de poire 1\/4 mesure de Cointreau Bien agiter, passer dans un verre tumbler. Faire tomber un trait de grenadine. Dans un verre \u00e0 m\u00e9lange garni de cubes de glace, verser : 1\/4 mesure d&rsquo;alcool de poire 1 trait de Cura\u00e7ao bleu &hellip; Read more &quot;R\u00e9volution&quot;\" \/>\n<meta property=\"og:url\" content=\"https:\/\/aromes-en-scene-cocktails.com\/en\/product\/revolution\/\" \/>\n<meta property=\"og:site_name\" content=\"Ar\u00f4mes en Sc\u00e8ne\" \/>\n<meta property=\"article:modified_time\" content=\"2023-09-17T19:46:17+00:00\" \/>\n<meta property=\"og:image\" content=\"https:\/\/aromes-en-scene-cocktails.com\/wp-content\/uploads\/2023\/08\/Capture-decran-2023-09-17-a-21.41.36-951x1024.png\" \/>\n\t<meta property=\"og:image:width\" content=\"951\" \/>\n\t<meta property=\"og:image:height\" content=\"1024\" \/>\n\t<meta property=\"og:image:type\" content=\"image\/png\" \/>\n<meta name=\"twitter:card\" content=\"summary_large_image\" \/>\n<meta name=\"twitter:label1\" content=\"Estimated reading time\" \/>\n\t<meta name=\"twitter:data1\" content=\"1 minute\" \/>\n<script type=\"application\/ld+json\" class=\"yoast-schema-graph\">{\"@context\":\"https:\/\/schema.org\",\"@graph\":[{\"@type\":\"WebPage\",\"@id\":\"https:\/\/aromes-en-scene-cocktails.com\/en\/product\/revolution\/\",\"url\":\"https:\/\/aromes-en-scene-cocktails.com\/en\/product\/revolution\/\",\"name\":\"R\u00e9volution - Ar\u00f4mes en Sc\u00e8ne\",\"isPartOf\":{\"@id\":\"https:\/\/aromes-en-scene-cocktails.com\/en\/#website\"},\"primaryImageOfPage\":{\"@id\":\"https:\/\/aromes-en-scene-cocktails.com\/en\/product\/revolution\/#primaryimage\"},\"image\":{\"@id\":\"https:\/\/aromes-en-scene-cocktails.com\/en\/product\/revolution\/#primaryimage\"},\"thumbnailUrl\":\"https:\/\/aromes-en-scene-cocktails.com\/wp-content\/uploads\/2023\/08\/Capture-decran-2023-09-17-a-21.41.36.png\",\"datePublished\":\"2023-08-15T16:41:20+00:00\",\"dateModified\":\"2023-09-17T19:46:17+00:00\",\"breadcrumb\":{\"@id\":\"https:\/\/aromes-en-scene-cocktails.com\/en\/product\/revolution\/#breadcrumb\"},\"inLanguage\":\"en-GB\",\"potentialAction\":[{\"@type\":\"ReadAction\",\"target\":[\"https:\/\/aromes-en-scene-cocktails.com\/en\/product\/revolution\/\"]}]},{\"@type\":\"ImageObject\",\"inLanguage\":\"en-GB\",\"@id\":\"https:\/\/aromes-en-scene-cocktails.com\/en\/product\/revolution\/#primaryimage\",\"url\":\"https:\/\/aromes-en-scene-cocktails.com\/wp-content\/uploads\/2023\/08\/Capture-decran-2023-09-17-a-21.41.36.png\",\"contentUrl\":\"https:\/\/aromes-en-scene-cocktails.com\/wp-content\/uploads\/2023\/08\/Capture-decran-2023-09-17-a-21.41.36.png\",\"width\":990,\"height\":1066},{\"@type\":\"BreadcrumbList\",\"@id\":\"https:\/\/aromes-en-scene-cocktails.com\/en\/product\/revolution\/#breadcrumb\",\"itemListElement\":[{\"@type\":\"ListItem\",\"position\":1,\"name\":\"Home\",\"item\":\"https:\/\/aromes-en-scene-cocktails.com\/\"},{\"@type\":\"ListItem\",\"position\":2,\"name\":\"Produits\",\"item\":\"https:\/\/aromes-en-scene-cocktails.com\/boutique\/\"},{\"@type\":\"ListItem\",\"position\":3,\"name\":\"R\u00e9volution\"}]},{\"@type\":\"WebSite\",\"@id\":\"https:\/\/aromes-en-scene-cocktails.com\/en\/#website\",\"url\":\"https:\/\/aromes-en-scene-cocktails.com\/en\/\",\"name\":\"Ar\u00f4mes en Sc\u00e8ne\",\"description\":\"Unlimited cocktails, endless flavors\",\"publisher\":{\"@id\":\"https:\/\/aromes-en-scene-cocktails.com\/en\/#organization\"},\"potentialAction\":[{\"@type\":\"SearchAction\",\"target\":{\"@type\":\"EntryPoint\",\"urlTemplate\":\"https:\/\/aromes-en-scene-cocktails.com\/en\/?s={search_term_string}\"},\"query-input\":{\"@type\":\"PropertyValueSpecification\",\"valueRequired\":true,\"valueName\":\"search_term_string\"}}],\"inLanguage\":\"en-GB\"},{\"@type\":\"Organization\",\"@id\":\"https:\/\/aromes-en-scene-cocktails.com\/en\/#organization\",\"name\":\"Ar\u00f4mes en Sc\u00e8ne\",\"url\":\"https:\/\/aromes-en-scene-cocktails.com\/en\/\",\"logo\":{\"@type\":\"ImageObject\",\"inLanguage\":\"en-GB\",\"@id\":\"https:\/\/aromes-en-scene-cocktails.com\/en\/#\/schema\/logo\/image\/\",\"url\":\"https:\/\/aromes-en-scene-cocktails.com\/wp-content\/uploads\/2023\/06\/cocktail-avec-tranche-de-citron.png\",\"contentUrl\":\"https:\/\/aromes-en-scene-cocktails.com\/wp-content\/uploads\/2023\/06\/cocktail-avec-tranche-de-citron.png\",\"width\":512,\"height\":512,\"caption\":\"Ar\u00f4mes en Sc\u00e8ne\"},\"image\":{\"@id\":\"https:\/\/aromes-en-scene-cocktails.com\/en\/#\/schema\/logo\/image\/\"}}]}<\/script>\n<!-- \/ Yoast SEO plugin. -->","yoast_head_json":{"title":"R\u00e9volution - Ar\u00f4mes en Sc\u00e8ne","robots":{"index":"index","follow":"follow","max-snippet":"max-snippet:-1","max-image-preview":"max-image-preview:large","max-video-preview":"max-video-preview:-1"},"canonical":"https:\/\/aromes-en-scene-cocktails.com\/en\/product\/revolution\/","og_locale":"en_GB","og_type":"article","og_title":"R\u00e9volution - Ar\u00f4mes en Sc\u00e8ne","og_description":"Dans un shaker garni de cubes de glace, verser : 1 mesure de nectar de poire 1\/4 mesure de Cointreau Bien agiter, passer dans un verre tumbler. Faire tomber un trait de grenadine. Dans un verre \u00e0 m\u00e9lange garni de cubes de glace, verser : 1\/4 mesure d&rsquo;alcool de poire 1 trait de Cura\u00e7ao bleu &hellip; Read more \"R\u00e9volution\"","og_url":"https:\/\/aromes-en-scene-cocktails.com\/en\/product\/revolution\/","og_site_name":"Ar\u00f4mes en Sc\u00e8ne","article_modified_time":"2023-09-17T19:46:17+00:00","og_image":[{"width":951,"height":1024,"url":"https:\/\/aromes-en-scene-cocktails.com\/wp-content\/uploads\/2023\/08\/Capture-decran-2023-09-17-a-21.41.36-951x1024.png","type":"image\/png"}],"twitter_card":"summary_large_image","twitter_misc":{"Estimated reading time":"1 minute"},"schema":{"@context":"https:\/\/schema.org","@graph":[{"@type":"WebPage","@id":"https:\/\/aromes-en-scene-cocktails.com\/en\/product\/revolution\/","url":"https:\/\/aromes-en-scene-cocktails.com\/en\/product\/revolution\/","name":"R\u00e9volution - Ar\u00f4mes en Sc\u00e8ne","isPartOf":{"@id":"https:\/\/aromes-en-scene-cocktails.com\/en\/#website"},"primaryImageOfPage":{"@id":"https:\/\/aromes-en-scene-cocktails.com\/en\/product\/revolution\/#primaryimage"},"image":{"@id":"https:\/\/aromes-en-scene-cocktails.com\/en\/product\/revolution\/#primaryimage"},"thumbnailUrl":"https:\/\/aromes-en-scene-cocktails.com\/wp-content\/uploads\/2023\/08\/Capture-decran-2023-09-17-a-21.41.36.png","datePublished":"2023-08-15T16:41:20+00:00","dateModified":"2023-09-17T19:46:17+00:00","breadcrumb":{"@id":"https:\/\/aromes-en-scene-cocktails.com\/en\/product\/revolution\/#breadcrumb"},"inLanguage":"en-GB","potentialAction":[{"@type":"ReadAction","target":["https:\/\/aromes-en-scene-cocktails.com\/en\/product\/revolution\/"]}]},{"@type":"ImageObject","inLanguage":"en-GB","@id":"https:\/\/aromes-en-scene-cocktails.com\/en\/product\/revolution\/#primaryimage","url":"https:\/\/aromes-en-scene-cocktails.com\/wp-content\/uploads\/2023\/08\/Capture-decran-2023-09-17-a-21.41.36.png","contentUrl":"https:\/\/aromes-en-scene-cocktails.com\/wp-content\/uploads\/2023\/08\/Capture-decran-2023-09-17-a-21.41.36.png","width":990,"height":1066},{"@type":"BreadcrumbList","@id":"https:\/\/aromes-en-scene-cocktails.com\/en\/product\/revolution\/#breadcrumb","itemListElement":[{"@type":"ListItem","position":1,"name":"Home","item":"https:\/\/aromes-en-scene-cocktails.com\/"},{"@type":"ListItem","position":2,"name":"Produits","item":"https:\/\/aromes-en-scene-cocktails.com\/boutique\/"},{"@type":"ListItem","position":3,"name":"R\u00e9volution"}]},{"@type":"WebSite","@id":"https:\/\/aromes-en-scene-cocktails.com\/en\/#website","url":"https:\/\/aromes-en-scene-cocktails.com\/en\/","name":"Ar\u00f4mes en Sc\u00e8ne","description":"Unlimited cocktails, endless flavors","publisher":{"@id":"https:\/\/aromes-en-scene-cocktails.com\/en\/#organization"},"potentialAction":[{"@type":"SearchAction","target":{"@type":"EntryPoint","urlTemplate":"https:\/\/aromes-en-scene-cocktails.com\/en\/?s={search_term_string}"},"query-input":{"@type":"PropertyValueSpecification","valueRequired":true,"valueName":"search_term_string"}}],"inLanguage":"en-GB"},{"@type":"Organization","@id":"https:\/\/aromes-en-scene-cocktails.com\/en\/#organization","name":"Ar\u00f4mes en Sc\u00e8ne","url":"https:\/\/aromes-en-scene-cocktails.com\/en\/","logo":{"@type":"ImageObject","inLanguage":"en-GB","@id":"https:\/\/aromes-en-scene-cocktails.com\/en\/#\/schema\/logo\/image\/","url":"https:\/\/aromes-en-scene-cocktails.com\/wp-content\/uploads\/2023\/06\/cocktail-avec-tranche-de-citron.png","contentUrl":"https:\/\/aromes-en-scene-cocktails.com\/wp-content\/uploads\/2023\/06\/cocktail-avec-tranche-de-citron.png","width":512,"height":512,"caption":"Ar\u00f4mes en Sc\u00e8ne"},"image":{"@id":"https:\/\/aromes-en-scene-cocktails.com\/en\/#\/schema\/logo\/image\/"}}]}},"featured_media_urls":{"thumbnail":["https:\/\/aromes-en-scene-cocktails.com\/wp-content\/uploads\/2023\/08\/Capture-decran-2023-09-17-a-21.41.36-150x150.png",150,150,true],"medium":["https:\/\/aromes-en-scene-cocktails.com\/wp-content\/uploads\/2023\/08\/Capture-decran-2023-09-17-a-21.41.36-279x300.png",279,300,true],"medium_large":["https:\/\/aromes-en-scene-cocktails.com\/wp-content\/uploads\/2023\/08\/Capture-decran-2023-09-17-a-21.41.36-768x827.png",768,827,true],"large":["https:\/\/aromes-en-scene-cocktails.com\/wp-content\/uploads\/2023\/08\/Capture-decran-2023-09-17-a-21.41.36-951x1024.png",950,1023,true],"1536x1536":["https:\/\/aromes-en-scene-cocktails.com\/wp-content\/uploads\/2023\/08\/Capture-decran-2023-09-17-a-21.41.36.png",990,1066,false],"2048x2048":["https:\/\/aromes-en-scene-cocktails.com\/wp-content\/uploads\/2023\/08\/Capture-decran-2023-09-17-a-21.41.36.png",990,1066,false],"trp-custom-language-flag":["https:\/\/aromes-en-scene-cocktails.com\/wp-content\/uploads\/2023\/08\/Capture-decran-2023-09-17-a-21.41.36-11x12.png",11,12,true],"inspiro-featured-image":["https:\/\/aromes-en-scene-cocktails.com\/wp-content\/uploads\/2023\/08\/Capture-decran-2023-09-17-a-21.41.36.png",990,1066,false],"inspiro-loop":["https:\/\/aromes-en-scene-cocktails.com\/wp-content\/uploads\/2023\/08\/Capture-decran-2023-09-17-a-21.41.36-950x320.png",950,320,true],"inspiro-loop@2x":["https:\/\/aromes-en-scene-cocktails.com\/wp-content\/uploads\/2023\/08\/Capture-decran-2023-09-17-a-21.41.36-990x640.png",990,640,true],"woocommerce_thumbnail":["https:\/\/aromes-en-scene-cocktails.com\/wp-content\/uploads\/2023\/08\/Capture-decran-2023-09-17-a-21.41.36-300x300.png",300,300,true],"woocommerce_single":["https:\/\/aromes-en-scene-cocktails.com\/wp-content\/uploads\/2023\/08\/Capture-decran-2023-09-17-a-21.41.36-600x646.png",600,646,true],"woocommerce_gallery_thumbnail":["https:\/\/aromes-en-scene-cocktails.com\/wp-content\/uploads\/2023\/08\/Capture-decran-2023-09-17-a-21.41.36-100x100.png",100,100,true],"portfolio_item-thumbnail":["https:\/\/aromes-en-scene-cocktails.com\/wp-content\/uploads\/2023\/08\/Capture-decran-2023-09-17-a-21.41.36.png",371,400,false],"portfolio_item-thumbnail@2x":["https:\/\/aromes-en-scene-cocktails.com\/wp-content\/uploads\/2023\/08\/Capture-decran-2023-09-17-a-21.41.36.png",743,800,false],"portfolio_item-masonry":["https:\/\/aromes-en-scene-cocktails.com\/wp-content\/uploads\/2023\/08\/Capture-decran-2023-09-17-a-21.41.36.png",600,646,false],"portfolio_item-masonry@2x":["https:\/\/aromes-en-scene-cocktails.com\/wp-content\/uploads\/2023\/08\/Capture-decran-2023-09-17-a-21.41.36.png",990,1066,false],"portfolio_item-thumbnail_cinema":["https:\/\/aromes-en-scene-cocktails.com\/wp-content\/uploads\/2023\/08\/Capture-decran-2023-09-17-a-21.41.36.png",311,335,false],"portfolio_item-thumbnail_portrait":["https:\/\/aromes-en-scene-cocktails.com\/wp-content\/uploads\/2023\/08\/Capture-decran-2023-09-17-a-21.41.36.png",600,646,false],"portfolio_item-thumbnail_portrait@2x":["https:\/\/aromes-en-scene-cocktails.com\/wp-content\/uploads\/2023\/08\/Capture-decran-2023-09-17-a-21.41.36.png",990,1066,false],"portfolio_item-thumbnail_square":["https:\/\/aromes-en-scene-cocktails.com\/wp-content\/uploads\/2023\/08\/Capture-decran-2023-09-17-a-21.41.36.png",743,800,false]},"_links":{"self":[{"href":"https:\/\/aromes-en-scene-cocktails.com\/en\/wp-json\/wp\/v2\/product\/562","targetHints":{"allow":["GET"]}}],"collection":[{"href":"https:\/\/aromes-en-scene-cocktails.com\/en\/wp-json\/wp\/v2\/product"}],"about":[{"href":"https:\/\/aromes-en-scene-cocktails.com\/en\/wp-json\/wp\/v2\/types\/product"}],"replies":[{"embeddable":true,"href":"https:\/\/aromes-en-scene-cocktails.com\/en\/wp-json\/wp\/v2\/comments?post=562"}],"version-history":[{"count":1,"href":"https:\/\/aromes-en-scene-cocktails.com\/en\/wp-json\/wp\/v2\/product\/562\/revisions"}],"predecessor-version":[{"id":566,"href":"https:\/\/aromes-en-scene-cocktails.com\/en\/wp-json\/wp\/v2\/product\/562\/revisions\/566"}],"wp:featuredmedia":[{"embeddable":true,"href":"https:\/\/aromes-en-scene-cocktails.com\/en\/wp-json\/wp\/v2\/media\/576"}],"wp:attachment":[{"href":"https:\/\/aromes-en-scene-cocktails.com\/en\/wp-json\/wp\/v2\/media?parent=562"}],"wp:term":[{"taxonomy":"product_brand","embeddable":true,"href":"https:\/\/aromes-en-scene-cocktails.com\/en\/wp-json\/wp\/v2\/product_brand?post=562"},{"taxonomy":"product_cat","embeddable":true,"href":"https:\/\/aromes-en-scene-cocktails.com\/en\/wp-json\/wp\/v2\/product_cat?post=562"},{"taxonomy":"product_tag","embeddable":true,"href":"https:\/\/aromes-en-scene-cocktails.com\/en\/wp-json\/wp\/v2\/product_tag?post=562"}],"curies":[{"name":"wp","href":"https:\/\/api.w.org\/{rel}","templated":true}]}}