{"id":604,"date":"2023-11-16T16:23:14","date_gmt":"2023-11-16T15:23:14","guid":{"rendered":"https:\/\/aromes-en-scene-cocktails.com\/?post_type=product&#038;p=604"},"modified":"2023-11-16T16:23:15","modified_gmt":"2023-11-16T15:23:15","slug":"white-lady-1919","status":"publish","type":"product","link":"https:\/\/aromes-en-scene-cocktails.com\/en\/product\/white-lady-1919\/","title":{"rendered":"White Lady 1919"},"content":{"rendered":"<p>Dans un shaker<\/p>\n<ul>\n<li>2 cl de cr\u00e8me de menthe<\/li>\n<li>2 cl de triple sec<\/li>\n<li>2 cl de jus de citron<\/li>\n<\/ul>\n<p><em>Cr\u00e9\u00e9 par Harry MacElhone<\/em><\/p>","protected":false},"excerpt":{"rendered":"<p>Dans un shaker 2 cl de cr\u00e8me de menthe 2 cl de triple sec 2 cl de jus de citron Cr\u00e9\u00e9 par Harry MacElhone<\/p>","protected":false},"featured_media":605,"comment_status":"open","ping_status":"closed","template":"","meta":[],"product_brand":[],"product_cat":[39],"product_tag":[],"class_list":{"0":"post-604","1":"product","2":"type-product","3":"status-publish","4":"has-post-thumbnail","6":"product_cat-liqueurs-et-creme","7":"pa_alcool-triple-sec","8":"pa_ingredient-creme-de-menthe","9":"pa_ingredient-jus-de-citron","11":"first","12":"instock","13":"shipping-taxable","14":"product-type-simple"},"yoast_head":"<!-- This site is optimized with the Yoast SEO plugin v26.6 - https:\/\/yoast.com\/wordpress\/plugins\/seo\/ -->\n<title>White Lady 1919 - Ar\u00f4mes en Sc\u00e8ne<\/title>\n<meta name=\"robots\" content=\"index, follow, max-snippet:-1, max-image-preview:large, max-video-preview:-1\" \/>\n<link rel=\"canonical\" href=\"https:\/\/aromes-en-scene-cocktails.com\/en\/product\/white-lady-1919\/\" \/>\n<meta property=\"og:locale\" content=\"en_GB\" \/>\n<meta property=\"og:type\" content=\"article\" \/>\n<meta property=\"og:title\" content=\"White Lady 1919 - Ar\u00f4mes en Sc\u00e8ne\" \/>\n<meta property=\"og:description\" content=\"Dans un shaker 2 cl de cr\u00e8me de menthe 2 cl de triple sec 2 cl de jus de citron Cr\u00e9\u00e9 par Harry MacElhone\" \/>\n<meta property=\"og:url\" content=\"https:\/\/aromes-en-scene-cocktails.com\/en\/product\/white-lady-1919\/\" \/>\n<meta property=\"og:site_name\" content=\"Ar\u00f4mes en Sc\u00e8ne\" \/>\n<meta property=\"article:modified_time\" content=\"2023-11-16T15:23:15+00:00\" \/>\n<meta property=\"og:image\" content=\"https:\/\/aromes-en-scene-cocktails.com\/wp-content\/uploads\/2023\/11\/DALL\u00b7E-2023-11-16-16.22.33-A-highly-realistic-photograph-style-image-of-a-cocktail-in-a-unique-setting.-The-cocktail-is-made-in-a-shaker-with-2-cl-of-creme-de-menthe-2-cl-of-tr-1024x585.png\" \/>\n\t<meta property=\"og:image:width\" content=\"1024\" \/>\n\t<meta property=\"og:image:height\" content=\"585\" \/>\n\t<meta property=\"og:image:type\" content=\"image\/png\" \/>\n<meta name=\"twitter:card\" content=\"summary_large_image\" \/>\n<meta name=\"twitter:label1\" content=\"Estimated reading time\" \/>\n\t<meta name=\"twitter:data1\" content=\"1 minute\" \/>\n<script type=\"application\/ld+json\" class=\"yoast-schema-graph\">{\"@context\":\"https:\/\/schema.org\",\"@graph\":[{\"@type\":\"WebPage\",\"@id\":\"https:\/\/aromes-en-scene-cocktails.com\/en\/product\/white-lady-1919\/\",\"url\":\"https:\/\/aromes-en-scene-cocktails.com\/en\/product\/white-lady-1919\/\",\"name\":\"White Lady 1919 - Ar\u00f4mes en Sc\u00e8ne\",\"isPartOf\":{\"@id\":\"https:\/\/aromes-en-scene-cocktails.com\/en\/#website\"},\"primaryImageOfPage\":{\"@id\":\"https:\/\/aromes-en-scene-cocktails.com\/en\/product\/white-lady-1919\/#primaryimage\"},\"image\":{\"@id\":\"https:\/\/aromes-en-scene-cocktails.com\/en\/product\/white-lady-1919\/#primaryimage\"},\"thumbnailUrl\":\"https:\/\/aromes-en-scene-cocktails.com\/wp-content\/uploads\/2023\/11\/DALL\u00b7E-2023-11-16-16.22.33-A-highly-realistic-photograph-style-image-of-a-cocktail-in-a-unique-setting.-The-cocktail-is-made-in-a-shaker-with-2-cl-of-creme-de-menthe-2-cl-of-tr.png\",\"datePublished\":\"2023-11-16T15:23:14+00:00\",\"dateModified\":\"2023-11-16T15:23:15+00:00\",\"breadcrumb\":{\"@id\":\"https:\/\/aromes-en-scene-cocktails.com\/en\/product\/white-lady-1919\/#breadcrumb\"},\"inLanguage\":\"en-GB\",\"potentialAction\":[{\"@type\":\"ReadAction\",\"target\":[\"https:\/\/aromes-en-scene-cocktails.com\/en\/product\/white-lady-1919\/\"]}]},{\"@type\":\"ImageObject\",\"inLanguage\":\"en-GB\",\"@id\":\"https:\/\/aromes-en-scene-cocktails.com\/en\/product\/white-lady-1919\/#primaryimage\",\"url\":\"https:\/\/aromes-en-scene-cocktails.com\/wp-content\/uploads\/2023\/11\/DALL\u00b7E-2023-11-16-16.22.33-A-highly-realistic-photograph-style-image-of-a-cocktail-in-a-unique-setting.-The-cocktail-is-made-in-a-shaker-with-2-cl-of-creme-de-menthe-2-cl-of-tr.png\",\"contentUrl\":\"https:\/\/aromes-en-scene-cocktails.com\/wp-content\/uploads\/2023\/11\/DALL\u00b7E-2023-11-16-16.22.33-A-highly-realistic-photograph-style-image-of-a-cocktail-in-a-unique-setting.-The-cocktail-is-made-in-a-shaker-with-2-cl-of-creme-de-menthe-2-cl-of-tr.png\",\"width\":1792,\"height\":1024},{\"@type\":\"BreadcrumbList\",\"@id\":\"https:\/\/aromes-en-scene-cocktails.com\/en\/product\/white-lady-1919\/#breadcrumb\",\"itemListElement\":[{\"@type\":\"ListItem\",\"position\":1,\"name\":\"Home\",\"item\":\"https:\/\/aromes-en-scene-cocktails.com\/\"},{\"@type\":\"ListItem\",\"position\":2,\"name\":\"Produits\",\"item\":\"https:\/\/aromes-en-scene-cocktails.com\/boutique\/\"},{\"@type\":\"ListItem\",\"position\":3,\"name\":\"White Lady 1919\"}]},{\"@type\":\"WebSite\",\"@id\":\"https:\/\/aromes-en-scene-cocktails.com\/en\/#website\",\"url\":\"https:\/\/aromes-en-scene-cocktails.com\/en\/\",\"name\":\"Ar\u00f4mes en Sc\u00e8ne\",\"description\":\"Unlimited cocktails, endless flavors\",\"publisher\":{\"@id\":\"https:\/\/aromes-en-scene-cocktails.com\/en\/#organization\"},\"potentialAction\":[{\"@type\":\"SearchAction\",\"target\":{\"@type\":\"EntryPoint\",\"urlTemplate\":\"https:\/\/aromes-en-scene-cocktails.com\/en\/?s={search_term_string}\"},\"query-input\":{\"@type\":\"PropertyValueSpecification\",\"valueRequired\":true,\"valueName\":\"search_term_string\"}}],\"inLanguage\":\"en-GB\"},{\"@type\":\"Organization\",\"@id\":\"https:\/\/aromes-en-scene-cocktails.com\/en\/#organization\",\"name\":\"Ar\u00f4mes en Sc\u00e8ne\",\"url\":\"https:\/\/aromes-en-scene-cocktails.com\/en\/\",\"logo\":{\"@type\":\"ImageObject\",\"inLanguage\":\"en-GB\",\"@id\":\"https:\/\/aromes-en-scene-cocktails.com\/en\/#\/schema\/logo\/image\/\",\"url\":\"https:\/\/aromes-en-scene-cocktails.com\/wp-content\/uploads\/2023\/06\/cocktail-avec-tranche-de-citron.png\",\"contentUrl\":\"https:\/\/aromes-en-scene-cocktails.com\/wp-content\/uploads\/2023\/06\/cocktail-avec-tranche-de-citron.png\",\"width\":512,\"height\":512,\"caption\":\"Ar\u00f4mes en Sc\u00e8ne\"},\"image\":{\"@id\":\"https:\/\/aromes-en-scene-cocktails.com\/en\/#\/schema\/logo\/image\/\"}}]}<\/script>\n<!-- \/ Yoast SEO plugin. -->","yoast_head_json":{"title":"White Lady 1919 - Ar\u00f4mes en Sc\u00e8ne","robots":{"index":"index","follow":"follow","max-snippet":"max-snippet:-1","max-image-preview":"max-image-preview:large","max-video-preview":"max-video-preview:-1"},"canonical":"https:\/\/aromes-en-scene-cocktails.com\/en\/product\/white-lady-1919\/","og_locale":"en_GB","og_type":"article","og_title":"White Lady 1919 - Ar\u00f4mes en Sc\u00e8ne","og_description":"Dans un shaker 2 cl de cr\u00e8me de menthe 2 cl de triple sec 2 cl de jus de citron Cr\u00e9\u00e9 par Harry MacElhone","og_url":"https:\/\/aromes-en-scene-cocktails.com\/en\/product\/white-lady-1919\/","og_site_name":"Ar\u00f4mes en Sc\u00e8ne","article_modified_time":"2023-11-16T15:23:15+00:00","og_image":[{"width":1024,"height":585,"url":"https:\/\/aromes-en-scene-cocktails.com\/wp-content\/uploads\/2023\/11\/DALL\u00b7E-2023-11-16-16.22.33-A-highly-realistic-photograph-style-image-of-a-cocktail-in-a-unique-setting.-The-cocktail-is-made-in-a-shaker-with-2-cl-of-creme-de-menthe-2-cl-of-tr-1024x585.png","type":"image\/png"}],"twitter_card":"summary_large_image","twitter_misc":{"Estimated reading time":"1 minute"},"schema":{"@context":"https:\/\/schema.org","@graph":[{"@type":"WebPage","@id":"https:\/\/aromes-en-scene-cocktails.com\/en\/product\/white-lady-1919\/","url":"https:\/\/aromes-en-scene-cocktails.com\/en\/product\/white-lady-1919\/","name":"White Lady 1919 - Ar\u00f4mes en Sc\u00e8ne","isPartOf":{"@id":"https:\/\/aromes-en-scene-cocktails.com\/en\/#website"},"primaryImageOfPage":{"@id":"https:\/\/aromes-en-scene-cocktails.com\/en\/product\/white-lady-1919\/#primaryimage"},"image":{"@id":"https:\/\/aromes-en-scene-cocktails.com\/en\/product\/white-lady-1919\/#primaryimage"},"thumbnailUrl":"https:\/\/aromes-en-scene-cocktails.com\/wp-content\/uploads\/2023\/11\/DALL\u00b7E-2023-11-16-16.22.33-A-highly-realistic-photograph-style-image-of-a-cocktail-in-a-unique-setting.-The-cocktail-is-made-in-a-shaker-with-2-cl-of-creme-de-menthe-2-cl-of-tr.png","datePublished":"2023-11-16T15:23:14+00:00","dateModified":"2023-11-16T15:23:15+00:00","breadcrumb":{"@id":"https:\/\/aromes-en-scene-cocktails.com\/en\/product\/white-lady-1919\/#breadcrumb"},"inLanguage":"en-GB","potentialAction":[{"@type":"ReadAction","target":["https:\/\/aromes-en-scene-cocktails.com\/en\/product\/white-lady-1919\/"]}]},{"@type":"ImageObject","inLanguage":"en-GB","@id":"https:\/\/aromes-en-scene-cocktails.com\/en\/product\/white-lady-1919\/#primaryimage","url":"https:\/\/aromes-en-scene-cocktails.com\/wp-content\/uploads\/2023\/11\/DALL\u00b7E-2023-11-16-16.22.33-A-highly-realistic-photograph-style-image-of-a-cocktail-in-a-unique-setting.-The-cocktail-is-made-in-a-shaker-with-2-cl-of-creme-de-menthe-2-cl-of-tr.png","contentUrl":"https:\/\/aromes-en-scene-cocktails.com\/wp-content\/uploads\/2023\/11\/DALL\u00b7E-2023-11-16-16.22.33-A-highly-realistic-photograph-style-image-of-a-cocktail-in-a-unique-setting.-The-cocktail-is-made-in-a-shaker-with-2-cl-of-creme-de-menthe-2-cl-of-tr.png","width":1792,"height":1024},{"@type":"BreadcrumbList","@id":"https:\/\/aromes-en-scene-cocktails.com\/en\/product\/white-lady-1919\/#breadcrumb","itemListElement":[{"@type":"ListItem","position":1,"name":"Home","item":"https:\/\/aromes-en-scene-cocktails.com\/"},{"@type":"ListItem","position":2,"name":"Produits","item":"https:\/\/aromes-en-scene-cocktails.com\/boutique\/"},{"@type":"ListItem","position":3,"name":"White Lady 1919"}]},{"@type":"WebSite","@id":"https:\/\/aromes-en-scene-cocktails.com\/en\/#website","url":"https:\/\/aromes-en-scene-cocktails.com\/en\/","name":"Ar\u00f4mes en Sc\u00e8ne","description":"Unlimited cocktails, endless flavors","publisher":{"@id":"https:\/\/aromes-en-scene-cocktails.com\/en\/#organization"},"potentialAction":[{"@type":"SearchAction","target":{"@type":"EntryPoint","urlTemplate":"https:\/\/aromes-en-scene-cocktails.com\/en\/?s={search_term_string}"},"query-input":{"@type":"PropertyValueSpecification","valueRequired":true,"valueName":"search_term_string"}}],"inLanguage":"en-GB"},{"@type":"Organization","@id":"https:\/\/aromes-en-scene-cocktails.com\/en\/#organization","name":"Ar\u00f4mes en Sc\u00e8ne","url":"https:\/\/aromes-en-scene-cocktails.com\/en\/","logo":{"@type":"ImageObject","inLanguage":"en-GB","@id":"https:\/\/aromes-en-scene-cocktails.com\/en\/#\/schema\/logo\/image\/","url":"https:\/\/aromes-en-scene-cocktails.com\/wp-content\/uploads\/2023\/06\/cocktail-avec-tranche-de-citron.png","contentUrl":"https:\/\/aromes-en-scene-cocktails.com\/wp-content\/uploads\/2023\/06\/cocktail-avec-tranche-de-citron.png","width":512,"height":512,"caption":"Ar\u00f4mes en Sc\u00e8ne"},"image":{"@id":"https:\/\/aromes-en-scene-cocktails.com\/en\/#\/schema\/logo\/image\/"}}]}},"featured_media_urls":{"thumbnail":["https:\/\/aromes-en-scene-cocktails.com\/wp-content\/uploads\/2023\/11\/DALL\u00b7E-2023-11-16-16.22.33-A-highly-realistic-photograph-style-image-of-a-cocktail-in-a-unique-setting.-The-cocktail-is-made-in-a-shaker-with-2-cl-of-creme-de-menthe-2-cl-of-tr-150x150.png",150,150,true],"medium":["https:\/\/aromes-en-scene-cocktails.com\/wp-content\/uploads\/2023\/11\/DALL\u00b7E-2023-11-16-16.22.33-A-highly-realistic-photograph-style-image-of-a-cocktail-in-a-unique-setting.-The-cocktail-is-made-in-a-shaker-with-2-cl-of-creme-de-menthe-2-cl-of-tr-300x171.png",300,171,true],"medium_large":["https:\/\/aromes-en-scene-cocktails.com\/wp-content\/uploads\/2023\/11\/DALL\u00b7E-2023-11-16-16.22.33-A-highly-realistic-photograph-style-image-of-a-cocktail-in-a-unique-setting.-The-cocktail-is-made-in-a-shaker-with-2-cl-of-creme-de-menthe-2-cl-of-tr-768x439.png",768,439,true],"large":["https:\/\/aromes-en-scene-cocktails.com\/wp-content\/uploads\/2023\/11\/DALL\u00b7E-2023-11-16-16.22.33-A-highly-realistic-photograph-style-image-of-a-cocktail-in-a-unique-setting.-The-cocktail-is-made-in-a-shaker-with-2-cl-of-creme-de-menthe-2-cl-of-tr-1024x585.png",950,543,true],"1536x1536":["https:\/\/aromes-en-scene-cocktails.com\/wp-content\/uploads\/2023\/11\/DALL\u00b7E-2023-11-16-16.22.33-A-highly-realistic-photograph-style-image-of-a-cocktail-in-a-unique-setting.-The-cocktail-is-made-in-a-shaker-with-2-cl-of-creme-de-menthe-2-cl-of-tr-1536x878.png",1536,878,true],"2048x2048":["https:\/\/aromes-en-scene-cocktails.com\/wp-content\/uploads\/2023\/11\/DALL\u00b7E-2023-11-16-16.22.33-A-highly-realistic-photograph-style-image-of-a-cocktail-in-a-unique-setting.-The-cocktail-is-made-in-a-shaker-with-2-cl-of-creme-de-menthe-2-cl-of-tr.png",1792,1024,false],"trp-custom-language-flag":["https:\/\/aromes-en-scene-cocktails.com\/wp-content\/uploads\/2023\/11\/DALL\u00b7E-2023-11-16-16.22.33-A-highly-realistic-photograph-style-image-of-a-cocktail-in-a-unique-setting.-The-cocktail-is-made-in-a-shaker-with-2-cl-of-creme-de-menthe-2-cl-of-tr-18x10.png",18,10,true],"inspiro-featured-image":["https:\/\/aromes-en-scene-cocktails.com\/wp-content\/uploads\/2023\/11\/DALL\u00b7E-2023-11-16-16.22.33-A-highly-realistic-photograph-style-image-of-a-cocktail-in-a-unique-setting.-The-cocktail-is-made-in-a-shaker-with-2-cl-of-creme-de-menthe-2-cl-of-tr.png",1792,1024,false],"inspiro-loop":["https:\/\/aromes-en-scene-cocktails.com\/wp-content\/uploads\/2023\/11\/DALL\u00b7E-2023-11-16-16.22.33-A-highly-realistic-photograph-style-image-of-a-cocktail-in-a-unique-setting.-The-cocktail-is-made-in-a-shaker-with-2-cl-of-creme-de-menthe-2-cl-of-tr-950x320.png",950,320,true],"inspiro-loop@2x":["https:\/\/aromes-en-scene-cocktails.com\/wp-content\/uploads\/2023\/11\/DALL\u00b7E-2023-11-16-16.22.33-A-highly-realistic-photograph-style-image-of-a-cocktail-in-a-unique-setting.-The-cocktail-is-made-in-a-shaker-with-2-cl-of-creme-de-menthe-2-cl-of-tr-1792x640.png",1792,640,true],"woocommerce_thumbnail":["https:\/\/aromes-en-scene-cocktails.com\/wp-content\/uploads\/2023\/11\/DALL\u00b7E-2023-11-16-16.22.33-A-highly-realistic-photograph-style-image-of-a-cocktail-in-a-unique-setting.-The-cocktail-is-made-in-a-shaker-with-2-cl-of-creme-de-menthe-2-cl-of-tr-300x300.png",300,300,true],"woocommerce_single":["https:\/\/aromes-en-scene-cocktails.com\/wp-content\/uploads\/2023\/11\/DALL\u00b7E-2023-11-16-16.22.33-A-highly-realistic-photograph-style-image-of-a-cocktail-in-a-unique-setting.-The-cocktail-is-made-in-a-shaker-with-2-cl-of-creme-de-menthe-2-cl-of-tr-600x343.png",600,343,true],"woocommerce_gallery_thumbnail":["https:\/\/aromes-en-scene-cocktails.com\/wp-content\/uploads\/2023\/11\/DALL\u00b7E-2023-11-16-16.22.33-A-highly-realistic-photograph-style-image-of-a-cocktail-in-a-unique-setting.-The-cocktail-is-made-in-a-shaker-with-2-cl-of-creme-de-menthe-2-cl-of-tr-100x100.png",100,100,true],"portfolio_item-thumbnail":["https:\/\/aromes-en-scene-cocktails.com\/wp-content\/uploads\/2023\/11\/DALL\u00b7E-2023-11-16-16.22.33-A-highly-realistic-photograph-style-image-of-a-cocktail-in-a-unique-setting.-The-cocktail-is-made-in-a-shaker-with-2-cl-of-creme-de-menthe-2-cl-of-tr.png",600,343,false],"portfolio_item-thumbnail@2x":["https:\/\/aromes-en-scene-cocktails.com\/wp-content\/uploads\/2023\/11\/DALL\u00b7E-2023-11-16-16.22.33-A-highly-realistic-photograph-style-image-of-a-cocktail-in-a-unique-setting.-The-cocktail-is-made-in-a-shaker-with-2-cl-of-creme-de-menthe-2-cl-of-tr.png",1200,686,false],"portfolio_item-masonry":["https:\/\/aromes-en-scene-cocktails.com\/wp-content\/uploads\/2023\/11\/DALL\u00b7E-2023-11-16-16.22.33-A-highly-realistic-photograph-style-image-of-a-cocktail-in-a-unique-setting.-The-cocktail-is-made-in-a-shaker-with-2-cl-of-creme-de-menthe-2-cl-of-tr.png",600,343,false],"portfolio_item-masonry@2x":["https:\/\/aromes-en-scene-cocktails.com\/wp-content\/uploads\/2023\/11\/DALL\u00b7E-2023-11-16-16.22.33-A-highly-realistic-photograph-style-image-of-a-cocktail-in-a-unique-setting.-The-cocktail-is-made-in-a-shaker-with-2-cl-of-creme-de-menthe-2-cl-of-tr.png",1200,686,false],"portfolio_item-thumbnail_cinema":["https:\/\/aromes-en-scene-cocktails.com\/wp-content\/uploads\/2023\/11\/DALL\u00b7E-2023-11-16-16.22.33-A-highly-realistic-photograph-style-image-of-a-cocktail-in-a-unique-setting.-The-cocktail-is-made-in-a-shaker-with-2-cl-of-creme-de-menthe-2-cl-of-tr.png",586,335,false],"portfolio_item-thumbnail_portrait":["https:\/\/aromes-en-scene-cocktails.com\/wp-content\/uploads\/2023\/11\/DALL\u00b7E-2023-11-16-16.22.33-A-highly-realistic-photograph-style-image-of-a-cocktail-in-a-unique-setting.-The-cocktail-is-made-in-a-shaker-with-2-cl-of-creme-de-menthe-2-cl-of-tr.png",600,343,false],"portfolio_item-thumbnail_portrait@2x":["https:\/\/aromes-en-scene-cocktails.com\/wp-content\/uploads\/2023\/11\/DALL\u00b7E-2023-11-16-16.22.33-A-highly-realistic-photograph-style-image-of-a-cocktail-in-a-unique-setting.-The-cocktail-is-made-in-a-shaker-with-2-cl-of-creme-de-menthe-2-cl-of-tr.png",1200,686,false],"portfolio_item-thumbnail_square":["https:\/\/aromes-en-scene-cocktails.com\/wp-content\/uploads\/2023\/11\/DALL\u00b7E-2023-11-16-16.22.33-A-highly-realistic-photograph-style-image-of-a-cocktail-in-a-unique-setting.-The-cocktail-is-made-in-a-shaker-with-2-cl-of-creme-de-menthe-2-cl-of-tr.png",800,457,false]},"_links":{"self":[{"href":"https:\/\/aromes-en-scene-cocktails.com\/en\/wp-json\/wp\/v2\/product\/604","targetHints":{"allow":["GET"]}}],"collection":[{"href":"https:\/\/aromes-en-scene-cocktails.com\/en\/wp-json\/wp\/v2\/product"}],"about":[{"href":"https:\/\/aromes-en-scene-cocktails.com\/en\/wp-json\/wp\/v2\/types\/product"}],"replies":[{"embeddable":true,"href":"https:\/\/aromes-en-scene-cocktails.com\/en\/wp-json\/wp\/v2\/comments?post=604"}],"version-history":[{"count":1,"href":"https:\/\/aromes-en-scene-cocktails.com\/en\/wp-json\/wp\/v2\/product\/604\/revisions"}],"predecessor-version":[{"id":606,"href":"https:\/\/aromes-en-scene-cocktails.com\/en\/wp-json\/wp\/v2\/product\/604\/revisions\/606"}],"wp:featuredmedia":[{"embeddable":true,"href":"https:\/\/aromes-en-scene-cocktails.com\/en\/wp-json\/wp\/v2\/media\/605"}],"wp:attachment":[{"href":"https:\/\/aromes-en-scene-cocktails.com\/en\/wp-json\/wp\/v2\/media?parent=604"}],"wp:term":[{"taxonomy":"product_brand","embeddable":true,"href":"https:\/\/aromes-en-scene-cocktails.com\/en\/wp-json\/wp\/v2\/product_brand?post=604"},{"taxonomy":"product_cat","embeddable":true,"href":"https:\/\/aromes-en-scene-cocktails.com\/en\/wp-json\/wp\/v2\/product_cat?post=604"},{"taxonomy":"product_tag","embeddable":true,"href":"https:\/\/aromes-en-scene-cocktails.com\/en\/wp-json\/wp\/v2\/product_tag?post=604"}],"curies":[{"name":"wp","href":"https:\/\/api.w.org\/{rel}","templated":true}]}}