{"id":607,"date":"2023-11-16T16:28:28","date_gmt":"2023-11-16T15:28:28","guid":{"rendered":"https:\/\/aromes-en-scene-cocktails.com\/?post_type=product&#038;p=607"},"modified":"2023-11-16T16:28:29","modified_gmt":"2023-11-16T15:28:29","slug":"white-lady-1925","status":"publish","type":"product","link":"https:\/\/aromes-en-scene-cocktails.com\/en\/product\/white-lady-1925\/","title":{"rendered":"White Lady 1925"},"content":{"rendered":"<p>Dans un shaker<\/p>\n<ul>\n<li>Des gla\u00e7ons<\/li>\n<li>2 cl de Gin Gordon<\/li>\n<li>2 cl de Cointreau 2 cl de citron press\u00e9<\/li>\n<\/ul>\n<p>Frappez et passez dans un verre \u00e0 cocktail<\/p>","protected":false},"excerpt":{"rendered":"<p>Dans un shaker Des gla\u00e7ons 2 cl de Gin Gordon 2 cl de Cointreau 2 cl de citron press\u00e9 Frappez et passez dans un verre \u00e0 cocktail<\/p>","protected":false},"featured_media":608,"comment_status":"open","ping_status":"closed","template":"","meta":[],"product_brand":[],"product_cat":[36],"product_tag":[],"class_list":{"0":"post-607","1":"product","2":"type-product","3":"status-publish","4":"has-post-thumbnail","6":"product_cat-gin","7":"pa_alcool-cointreau","8":"pa_alcool-gin","10":"first","11":"instock","12":"shipping-taxable","13":"product-type-simple"},"yoast_head":"<!-- This site is optimized with the Yoast SEO plugin v26.6 - https:\/\/yoast.com\/wordpress\/plugins\/seo\/ -->\n<title>White Lady 1925 - Ar\u00f4mes en Sc\u00e8ne<\/title>\n<meta name=\"robots\" content=\"index, follow, max-snippet:-1, max-image-preview:large, max-video-preview:-1\" \/>\n<link rel=\"canonical\" href=\"https:\/\/aromes-en-scene-cocktails.com\/en\/product\/white-lady-1925\/\" \/>\n<meta property=\"og:locale\" content=\"en_GB\" \/>\n<meta property=\"og:type\" content=\"article\" \/>\n<meta property=\"og:title\" content=\"White Lady 1925 - Ar\u00f4mes en Sc\u00e8ne\" \/>\n<meta property=\"og:description\" content=\"Dans un shaker Des gla\u00e7ons 2 cl de Gin Gordon 2 cl de Cointreau 2 cl de citron press\u00e9 Frappez et passez dans un verre \u00e0 cocktail\" \/>\n<meta property=\"og:url\" content=\"https:\/\/aromes-en-scene-cocktails.com\/en\/product\/white-lady-1925\/\" \/>\n<meta property=\"og:site_name\" content=\"Ar\u00f4mes en Sc\u00e8ne\" \/>\n<meta property=\"article:modified_time\" content=\"2023-11-16T15:28:29+00:00\" \/>\n<meta property=\"og:image\" content=\"https:\/\/aromes-en-scene-cocktails.com\/wp-content\/uploads\/2023\/11\/DALL\u00b7E-2023-11-16-16.26.32-An-ultra-realistic-non-cartoonish-photograph-style-image-of-a-cocktail.-The-cocktail-is-made-in-a-shaker-with-ice-cubes-2-cl-of-Gordon-Gin-2-cl-of--585x1024.png\" \/>\n\t<meta property=\"og:image:width\" content=\"585\" \/>\n\t<meta property=\"og:image:height\" content=\"1024\" \/>\n\t<meta property=\"og:image:type\" content=\"image\/png\" \/>\n<meta name=\"twitter:card\" content=\"summary_large_image\" \/>\n<meta name=\"twitter:label1\" content=\"Estimated reading time\" \/>\n\t<meta name=\"twitter:data1\" content=\"1 minute\" \/>\n<script type=\"application\/ld+json\" class=\"yoast-schema-graph\">{\"@context\":\"https:\/\/schema.org\",\"@graph\":[{\"@type\":\"WebPage\",\"@id\":\"https:\/\/aromes-en-scene-cocktails.com\/en\/product\/white-lady-1925\/\",\"url\":\"https:\/\/aromes-en-scene-cocktails.com\/en\/product\/white-lady-1925\/\",\"name\":\"White Lady 1925 - Ar\u00f4mes en Sc\u00e8ne\",\"isPartOf\":{\"@id\":\"https:\/\/aromes-en-scene-cocktails.com\/en\/#website\"},\"primaryImageOfPage\":{\"@id\":\"https:\/\/aromes-en-scene-cocktails.com\/en\/product\/white-lady-1925\/#primaryimage\"},\"image\":{\"@id\":\"https:\/\/aromes-en-scene-cocktails.com\/en\/product\/white-lady-1925\/#primaryimage\"},\"thumbnailUrl\":\"https:\/\/aromes-en-scene-cocktails.com\/wp-content\/uploads\/2023\/11\/DALL\u00b7E-2023-11-16-16.26.32-An-ultra-realistic-non-cartoonish-photograph-style-image-of-a-cocktail.-The-cocktail-is-made-in-a-shaker-with-ice-cubes-2-cl-of-Gordon-Gin-2-cl-of-.png\",\"datePublished\":\"2023-11-16T15:28:28+00:00\",\"dateModified\":\"2023-11-16T15:28:29+00:00\",\"breadcrumb\":{\"@id\":\"https:\/\/aromes-en-scene-cocktails.com\/en\/product\/white-lady-1925\/#breadcrumb\"},\"inLanguage\":\"en-GB\",\"potentialAction\":[{\"@type\":\"ReadAction\",\"target\":[\"https:\/\/aromes-en-scene-cocktails.com\/en\/product\/white-lady-1925\/\"]}]},{\"@type\":\"ImageObject\",\"inLanguage\":\"en-GB\",\"@id\":\"https:\/\/aromes-en-scene-cocktails.com\/en\/product\/white-lady-1925\/#primaryimage\",\"url\":\"https:\/\/aromes-en-scene-cocktails.com\/wp-content\/uploads\/2023\/11\/DALL\u00b7E-2023-11-16-16.26.32-An-ultra-realistic-non-cartoonish-photograph-style-image-of-a-cocktail.-The-cocktail-is-made-in-a-shaker-with-ice-cubes-2-cl-of-Gordon-Gin-2-cl-of-.png\",\"contentUrl\":\"https:\/\/aromes-en-scene-cocktails.com\/wp-content\/uploads\/2023\/11\/DALL\u00b7E-2023-11-16-16.26.32-An-ultra-realistic-non-cartoonish-photograph-style-image-of-a-cocktail.-The-cocktail-is-made-in-a-shaker-with-ice-cubes-2-cl-of-Gordon-Gin-2-cl-of-.png\",\"width\":1024,\"height\":1792},{\"@type\":\"BreadcrumbList\",\"@id\":\"https:\/\/aromes-en-scene-cocktails.com\/en\/product\/white-lady-1925\/#breadcrumb\",\"itemListElement\":[{\"@type\":\"ListItem\",\"position\":1,\"name\":\"Home\",\"item\":\"https:\/\/aromes-en-scene-cocktails.com\/\"},{\"@type\":\"ListItem\",\"position\":2,\"name\":\"Produits\",\"item\":\"https:\/\/aromes-en-scene-cocktails.com\/boutique\/\"},{\"@type\":\"ListItem\",\"position\":3,\"name\":\"White Lady 1925\"}]},{\"@type\":\"WebSite\",\"@id\":\"https:\/\/aromes-en-scene-cocktails.com\/en\/#website\",\"url\":\"https:\/\/aromes-en-scene-cocktails.com\/en\/\",\"name\":\"Ar\u00f4mes en Sc\u00e8ne\",\"description\":\"Unlimited cocktails, endless flavors\",\"publisher\":{\"@id\":\"https:\/\/aromes-en-scene-cocktails.com\/en\/#organization\"},\"potentialAction\":[{\"@type\":\"SearchAction\",\"target\":{\"@type\":\"EntryPoint\",\"urlTemplate\":\"https:\/\/aromes-en-scene-cocktails.com\/en\/?s={search_term_string}\"},\"query-input\":{\"@type\":\"PropertyValueSpecification\",\"valueRequired\":true,\"valueName\":\"search_term_string\"}}],\"inLanguage\":\"en-GB\"},{\"@type\":\"Organization\",\"@id\":\"https:\/\/aromes-en-scene-cocktails.com\/en\/#organization\",\"name\":\"Ar\u00f4mes en Sc\u00e8ne\",\"url\":\"https:\/\/aromes-en-scene-cocktails.com\/en\/\",\"logo\":{\"@type\":\"ImageObject\",\"inLanguage\":\"en-GB\",\"@id\":\"https:\/\/aromes-en-scene-cocktails.com\/en\/#\/schema\/logo\/image\/\",\"url\":\"https:\/\/aromes-en-scene-cocktails.com\/wp-content\/uploads\/2023\/06\/cocktail-avec-tranche-de-citron.png\",\"contentUrl\":\"https:\/\/aromes-en-scene-cocktails.com\/wp-content\/uploads\/2023\/06\/cocktail-avec-tranche-de-citron.png\",\"width\":512,\"height\":512,\"caption\":\"Ar\u00f4mes en Sc\u00e8ne\"},\"image\":{\"@id\":\"https:\/\/aromes-en-scene-cocktails.com\/en\/#\/schema\/logo\/image\/\"}}]}<\/script>\n<!-- \/ Yoast SEO plugin. -->","yoast_head_json":{"title":"White Lady 1925 - Ar\u00f4mes en Sc\u00e8ne","robots":{"index":"index","follow":"follow","max-snippet":"max-snippet:-1","max-image-preview":"max-image-preview:large","max-video-preview":"max-video-preview:-1"},"canonical":"https:\/\/aromes-en-scene-cocktails.com\/en\/product\/white-lady-1925\/","og_locale":"en_GB","og_type":"article","og_title":"White Lady 1925 - Ar\u00f4mes en Sc\u00e8ne","og_description":"Dans un shaker Des gla\u00e7ons 2 cl de Gin Gordon 2 cl de Cointreau 2 cl de citron press\u00e9 Frappez et passez dans un verre \u00e0 cocktail","og_url":"https:\/\/aromes-en-scene-cocktails.com\/en\/product\/white-lady-1925\/","og_site_name":"Ar\u00f4mes en Sc\u00e8ne","article_modified_time":"2023-11-16T15:28:29+00:00","og_image":[{"width":585,"height":1024,"url":"https:\/\/aromes-en-scene-cocktails.com\/wp-content\/uploads\/2023\/11\/DALL\u00b7E-2023-11-16-16.26.32-An-ultra-realistic-non-cartoonish-photograph-style-image-of-a-cocktail.-The-cocktail-is-made-in-a-shaker-with-ice-cubes-2-cl-of-Gordon-Gin-2-cl-of--585x1024.png","type":"image\/png"}],"twitter_card":"summary_large_image","twitter_misc":{"Estimated reading time":"1 minute"},"schema":{"@context":"https:\/\/schema.org","@graph":[{"@type":"WebPage","@id":"https:\/\/aromes-en-scene-cocktails.com\/en\/product\/white-lady-1925\/","url":"https:\/\/aromes-en-scene-cocktails.com\/en\/product\/white-lady-1925\/","name":"White Lady 1925 - Ar\u00f4mes en Sc\u00e8ne","isPartOf":{"@id":"https:\/\/aromes-en-scene-cocktails.com\/en\/#website"},"primaryImageOfPage":{"@id":"https:\/\/aromes-en-scene-cocktails.com\/en\/product\/white-lady-1925\/#primaryimage"},"image":{"@id":"https:\/\/aromes-en-scene-cocktails.com\/en\/product\/white-lady-1925\/#primaryimage"},"thumbnailUrl":"https:\/\/aromes-en-scene-cocktails.com\/wp-content\/uploads\/2023\/11\/DALL\u00b7E-2023-11-16-16.26.32-An-ultra-realistic-non-cartoonish-photograph-style-image-of-a-cocktail.-The-cocktail-is-made-in-a-shaker-with-ice-cubes-2-cl-of-Gordon-Gin-2-cl-of-.png","datePublished":"2023-11-16T15:28:28+00:00","dateModified":"2023-11-16T15:28:29+00:00","breadcrumb":{"@id":"https:\/\/aromes-en-scene-cocktails.com\/en\/product\/white-lady-1925\/#breadcrumb"},"inLanguage":"en-GB","potentialAction":[{"@type":"ReadAction","target":["https:\/\/aromes-en-scene-cocktails.com\/en\/product\/white-lady-1925\/"]}]},{"@type":"ImageObject","inLanguage":"en-GB","@id":"https:\/\/aromes-en-scene-cocktails.com\/en\/product\/white-lady-1925\/#primaryimage","url":"https:\/\/aromes-en-scene-cocktails.com\/wp-content\/uploads\/2023\/11\/DALL\u00b7E-2023-11-16-16.26.32-An-ultra-realistic-non-cartoonish-photograph-style-image-of-a-cocktail.-The-cocktail-is-made-in-a-shaker-with-ice-cubes-2-cl-of-Gordon-Gin-2-cl-of-.png","contentUrl":"https:\/\/aromes-en-scene-cocktails.com\/wp-content\/uploads\/2023\/11\/DALL\u00b7E-2023-11-16-16.26.32-An-ultra-realistic-non-cartoonish-photograph-style-image-of-a-cocktail.-The-cocktail-is-made-in-a-shaker-with-ice-cubes-2-cl-of-Gordon-Gin-2-cl-of-.png","width":1024,"height":1792},{"@type":"BreadcrumbList","@id":"https:\/\/aromes-en-scene-cocktails.com\/en\/product\/white-lady-1925\/#breadcrumb","itemListElement":[{"@type":"ListItem","position":1,"name":"Home","item":"https:\/\/aromes-en-scene-cocktails.com\/"},{"@type":"ListItem","position":2,"name":"Produits","item":"https:\/\/aromes-en-scene-cocktails.com\/boutique\/"},{"@type":"ListItem","position":3,"name":"White Lady 1925"}]},{"@type":"WebSite","@id":"https:\/\/aromes-en-scene-cocktails.com\/en\/#website","url":"https:\/\/aromes-en-scene-cocktails.com\/en\/","name":"Ar\u00f4mes en Sc\u00e8ne","description":"Unlimited cocktails, endless flavors","publisher":{"@id":"https:\/\/aromes-en-scene-cocktails.com\/en\/#organization"},"potentialAction":[{"@type":"SearchAction","target":{"@type":"EntryPoint","urlTemplate":"https:\/\/aromes-en-scene-cocktails.com\/en\/?s={search_term_string}"},"query-input":{"@type":"PropertyValueSpecification","valueRequired":true,"valueName":"search_term_string"}}],"inLanguage":"en-GB"},{"@type":"Organization","@id":"https:\/\/aromes-en-scene-cocktails.com\/en\/#organization","name":"Ar\u00f4mes en Sc\u00e8ne","url":"https:\/\/aromes-en-scene-cocktails.com\/en\/","logo":{"@type":"ImageObject","inLanguage":"en-GB","@id":"https:\/\/aromes-en-scene-cocktails.com\/en\/#\/schema\/logo\/image\/","url":"https:\/\/aromes-en-scene-cocktails.com\/wp-content\/uploads\/2023\/06\/cocktail-avec-tranche-de-citron.png","contentUrl":"https:\/\/aromes-en-scene-cocktails.com\/wp-content\/uploads\/2023\/06\/cocktail-avec-tranche-de-citron.png","width":512,"height":512,"caption":"Ar\u00f4mes en Sc\u00e8ne"},"image":{"@id":"https:\/\/aromes-en-scene-cocktails.com\/en\/#\/schema\/logo\/image\/"}}]}},"featured_media_urls":{"thumbnail":["https:\/\/aromes-en-scene-cocktails.com\/wp-content\/uploads\/2023\/11\/DALL\u00b7E-2023-11-16-16.26.32-An-ultra-realistic-non-cartoonish-photograph-style-image-of-a-cocktail.-The-cocktail-is-made-in-a-shaker-with-ice-cubes-2-cl-of-Gordon-Gin-2-cl-of--150x150.png",150,150,true],"medium":["https:\/\/aromes-en-scene-cocktails.com\/wp-content\/uploads\/2023\/11\/DALL\u00b7E-2023-11-16-16.26.32-An-ultra-realistic-non-cartoonish-photograph-style-image-of-a-cocktail.-The-cocktail-is-made-in-a-shaker-with-ice-cubes-2-cl-of-Gordon-Gin-2-cl-of--171x300.png",171,300,true],"medium_large":["https:\/\/aromes-en-scene-cocktails.com\/wp-content\/uploads\/2023\/11\/DALL\u00b7E-2023-11-16-16.26.32-An-ultra-realistic-non-cartoonish-photograph-style-image-of-a-cocktail.-The-cocktail-is-made-in-a-shaker-with-ice-cubes-2-cl-of-Gordon-Gin-2-cl-of--768x1344.png",768,1344,true],"large":["https:\/\/aromes-en-scene-cocktails.com\/wp-content\/uploads\/2023\/11\/DALL\u00b7E-2023-11-16-16.26.32-An-ultra-realistic-non-cartoonish-photograph-style-image-of-a-cocktail.-The-cocktail-is-made-in-a-shaker-with-ice-cubes-2-cl-of-Gordon-Gin-2-cl-of--585x1024.png",585,1024,true],"1536x1536":["https:\/\/aromes-en-scene-cocktails.com\/wp-content\/uploads\/2023\/11\/DALL\u00b7E-2023-11-16-16.26.32-An-ultra-realistic-non-cartoonish-photograph-style-image-of-a-cocktail.-The-cocktail-is-made-in-a-shaker-with-ice-cubes-2-cl-of-Gordon-Gin-2-cl-of--878x1536.png",878,1536,true],"2048x2048":["https:\/\/aromes-en-scene-cocktails.com\/wp-content\/uploads\/2023\/11\/DALL\u00b7E-2023-11-16-16.26.32-An-ultra-realistic-non-cartoonish-photograph-style-image-of-a-cocktail.-The-cocktail-is-made-in-a-shaker-with-ice-cubes-2-cl-of-Gordon-Gin-2-cl-of-.png",1024,1792,false],"trp-custom-language-flag":["https:\/\/aromes-en-scene-cocktails.com\/wp-content\/uploads\/2023\/11\/DALL\u00b7E-2023-11-16-16.26.32-An-ultra-realistic-non-cartoonish-photograph-style-image-of-a-cocktail.-The-cocktail-is-made-in-a-shaker-with-ice-cubes-2-cl-of-Gordon-Gin-2-cl-of--7x12.png",7,12,true],"inspiro-featured-image":["https:\/\/aromes-en-scene-cocktails.com\/wp-content\/uploads\/2023\/11\/DALL\u00b7E-2023-11-16-16.26.32-An-ultra-realistic-non-cartoonish-photograph-style-image-of-a-cocktail.-The-cocktail-is-made-in-a-shaker-with-ice-cubes-2-cl-of-Gordon-Gin-2-cl-of-.png",1024,1792,false],"inspiro-loop":["https:\/\/aromes-en-scene-cocktails.com\/wp-content\/uploads\/2023\/11\/DALL\u00b7E-2023-11-16-16.26.32-An-ultra-realistic-non-cartoonish-photograph-style-image-of-a-cocktail.-The-cocktail-is-made-in-a-shaker-with-ice-cubes-2-cl-of-Gordon-Gin-2-cl-of--950x320.png",950,320,true],"inspiro-loop@2x":["https:\/\/aromes-en-scene-cocktails.com\/wp-content\/uploads\/2023\/11\/DALL\u00b7E-2023-11-16-16.26.32-An-ultra-realistic-non-cartoonish-photograph-style-image-of-a-cocktail.-The-cocktail-is-made-in-a-shaker-with-ice-cubes-2-cl-of-Gordon-Gin-2-cl-of--1024x640.png",1024,640,true],"woocommerce_thumbnail":["https:\/\/aromes-en-scene-cocktails.com\/wp-content\/uploads\/2023\/11\/DALL\u00b7E-2023-11-16-16.26.32-An-ultra-realistic-non-cartoonish-photograph-style-image-of-a-cocktail.-The-cocktail-is-made-in-a-shaker-with-ice-cubes-2-cl-of-Gordon-Gin-2-cl-of--300x300.png",300,300,true],"woocommerce_single":["https:\/\/aromes-en-scene-cocktails.com\/wp-content\/uploads\/2023\/11\/DALL\u00b7E-2023-11-16-16.26.32-An-ultra-realistic-non-cartoonish-photograph-style-image-of-a-cocktail.-The-cocktail-is-made-in-a-shaker-with-ice-cubes-2-cl-of-Gordon-Gin-2-cl-of--600x1050.png",600,1050,true],"woocommerce_gallery_thumbnail":["https:\/\/aromes-en-scene-cocktails.com\/wp-content\/uploads\/2023\/11\/DALL\u00b7E-2023-11-16-16.26.32-An-ultra-realistic-non-cartoonish-photograph-style-image-of-a-cocktail.-The-cocktail-is-made-in-a-shaker-with-ice-cubes-2-cl-of-Gordon-Gin-2-cl-of--100x100.png",100,100,true],"portfolio_item-thumbnail":["https:\/\/aromes-en-scene-cocktails.com\/wp-content\/uploads\/2023\/11\/DALL\u00b7E-2023-11-16-16.26.32-An-ultra-realistic-non-cartoonish-photograph-style-image-of-a-cocktail.-The-cocktail-is-made-in-a-shaker-with-ice-cubes-2-cl-of-Gordon-Gin-2-cl-of-.png",229,400,false],"portfolio_item-thumbnail@2x":["https:\/\/aromes-en-scene-cocktails.com\/wp-content\/uploads\/2023\/11\/DALL\u00b7E-2023-11-16-16.26.32-An-ultra-realistic-non-cartoonish-photograph-style-image-of-a-cocktail.-The-cocktail-is-made-in-a-shaker-with-ice-cubes-2-cl-of-Gordon-Gin-2-cl-of-.png",457,800,false],"portfolio_item-masonry":["https:\/\/aromes-en-scene-cocktails.com\/wp-content\/uploads\/2023\/11\/DALL\u00b7E-2023-11-16-16.26.32-An-ultra-realistic-non-cartoonish-photograph-style-image-of-a-cocktail.-The-cocktail-is-made-in-a-shaker-with-ice-cubes-2-cl-of-Gordon-Gin-2-cl-of-.png",600,1050,false],"portfolio_item-masonry@2x":["https:\/\/aromes-en-scene-cocktails.com\/wp-content\/uploads\/2023\/11\/DALL\u00b7E-2023-11-16-16.26.32-An-ultra-realistic-non-cartoonish-photograph-style-image-of-a-cocktail.-The-cocktail-is-made-in-a-shaker-with-ice-cubes-2-cl-of-Gordon-Gin-2-cl-of-.png",1024,1792,false],"portfolio_item-thumbnail_cinema":["https:\/\/aromes-en-scene-cocktails.com\/wp-content\/uploads\/2023\/11\/DALL\u00b7E-2023-11-16-16.26.32-An-ultra-realistic-non-cartoonish-photograph-style-image-of-a-cocktail.-The-cocktail-is-made-in-a-shaker-with-ice-cubes-2-cl-of-Gordon-Gin-2-cl-of-.png",191,335,false],"portfolio_item-thumbnail_portrait":["https:\/\/aromes-en-scene-cocktails.com\/wp-content\/uploads\/2023\/11\/DALL\u00b7E-2023-11-16-16.26.32-An-ultra-realistic-non-cartoonish-photograph-style-image-of-a-cocktail.-The-cocktail-is-made-in-a-shaker-with-ice-cubes-2-cl-of-Gordon-Gin-2-cl-of-.png",514,900,false],"portfolio_item-thumbnail_portrait@2x":["https:\/\/aromes-en-scene-cocktails.com\/wp-content\/uploads\/2023\/11\/DALL\u00b7E-2023-11-16-16.26.32-An-ultra-realistic-non-cartoonish-photograph-style-image-of-a-cocktail.-The-cocktail-is-made-in-a-shaker-with-ice-cubes-2-cl-of-Gordon-Gin-2-cl-of-.png",1024,1792,false],"portfolio_item-thumbnail_square":["https:\/\/aromes-en-scene-cocktails.com\/wp-content\/uploads\/2023\/11\/DALL\u00b7E-2023-11-16-16.26.32-An-ultra-realistic-non-cartoonish-photograph-style-image-of-a-cocktail.-The-cocktail-is-made-in-a-shaker-with-ice-cubes-2-cl-of-Gordon-Gin-2-cl-of-.png",457,800,false]},"_links":{"self":[{"href":"https:\/\/aromes-en-scene-cocktails.com\/en\/wp-json\/wp\/v2\/product\/607","targetHints":{"allow":["GET"]}}],"collection":[{"href":"https:\/\/aromes-en-scene-cocktails.com\/en\/wp-json\/wp\/v2\/product"}],"about":[{"href":"https:\/\/aromes-en-scene-cocktails.com\/en\/wp-json\/wp\/v2\/types\/product"}],"replies":[{"embeddable":true,"href":"https:\/\/aromes-en-scene-cocktails.com\/en\/wp-json\/wp\/v2\/comments?post=607"}],"version-history":[{"count":1,"href":"https:\/\/aromes-en-scene-cocktails.com\/en\/wp-json\/wp\/v2\/product\/607\/revisions"}],"predecessor-version":[{"id":609,"href":"https:\/\/aromes-en-scene-cocktails.com\/en\/wp-json\/wp\/v2\/product\/607\/revisions\/609"}],"wp:featuredmedia":[{"embeddable":true,"href":"https:\/\/aromes-en-scene-cocktails.com\/en\/wp-json\/wp\/v2\/media\/608"}],"wp:attachment":[{"href":"https:\/\/aromes-en-scene-cocktails.com\/en\/wp-json\/wp\/v2\/media?parent=607"}],"wp:term":[{"taxonomy":"product_brand","embeddable":true,"href":"https:\/\/aromes-en-scene-cocktails.com\/en\/wp-json\/wp\/v2\/product_brand?post=607"},{"taxonomy":"product_cat","embeddable":true,"href":"https:\/\/aromes-en-scene-cocktails.com\/en\/wp-json\/wp\/v2\/product_cat?post=607"},{"taxonomy":"product_tag","embeddable":true,"href":"https:\/\/aromes-en-scene-cocktails.com\/en\/wp-json\/wp\/v2\/product_tag?post=607"}],"curies":[{"name":"wp","href":"https:\/\/api.w.org\/{rel}","templated":true}]}}