{"id":621,"date":"2023-11-23T10:58:20","date_gmt":"2023-11-23T09:58:20","guid":{"rendered":"https:\/\/aromes-en-scene-cocktails.com\/?post_type=product&#038;p=621"},"modified":"2023-11-23T10:58:20","modified_gmt":"2023-11-23T09:58:20","slug":"psychedlic","status":"publish","type":"product","link":"https:\/\/aromes-en-scene-cocktails.com\/en\/product\/psychedlic\/","title":{"rendered":"Psychedlic"},"content":{"rendered":"<p>Mettez dans un tumbler<\/p>\n<ul>\n<li>De la glace pil\u00e9e<\/li>\n<li>1\/3 anisette Marie Brizard<\/li>\n<li>1\/3 Gin<\/li>\n<li>1\/3 grenadine<\/li>\n<li>1 trait eau gazeuse<\/li>\n<\/ul>\n<p>Sur b\u00e2tonnet piquez une cerise avec un cube d\u2019ananas. Ajouter 2 chalumeaux.<\/p>","protected":false},"excerpt":{"rendered":"<p>Mettez dans un tumbler De la glace pil\u00e9e 1\/3 anisette Marie Brizard 1\/3 Gin 1\/3 grenadine 1 trait eau gazeuse Sur b\u00e2tonnet piquez une cerise avec un cube d\u2019ananas. Ajouter 2 chalumeaux.<\/p>","protected":false},"featured_media":623,"comment_status":"open","ping_status":"closed","template":"","meta":[],"product_brand":[],"product_cat":[36],"product_tag":[],"class_list":{"0":"post-621","1":"product","2":"type-product","3":"status-publish","4":"has-post-thumbnail","6":"product_cat-gin","7":"pa_alcool-anisette","8":"pa_alcool-gin","9":"pa_ingredient-grenadine","11":"first","12":"instock","13":"shipping-taxable","14":"product-type-simple"},"yoast_head":"<!-- This site is optimized with the Yoast SEO plugin v26.6 - https:\/\/yoast.com\/wordpress\/plugins\/seo\/ -->\n<title>Psychedlic - Ar\u00f4mes en Sc\u00e8ne<\/title>\n<meta name=\"robots\" content=\"index, follow, max-snippet:-1, max-image-preview:large, max-video-preview:-1\" \/>\n<link rel=\"canonical\" href=\"https:\/\/aromes-en-scene-cocktails.com\/en\/product\/psychedlic\/\" \/>\n<meta property=\"og:locale\" content=\"en_GB\" \/>\n<meta property=\"og:type\" content=\"article\" \/>\n<meta property=\"og:title\" content=\"Psychedlic - Ar\u00f4mes en Sc\u00e8ne\" \/>\n<meta property=\"og:description\" content=\"Mettez dans un tumbler De la glace pil\u00e9e 1\/3 anisette Marie Brizard 1\/3 Gin 1\/3 grenadine 1 trait eau gazeuse Sur b\u00e2tonnet piquez une cerise avec un cube d\u2019ananas. Ajouter 2 chalumeaux.\" \/>\n<meta property=\"og:url\" content=\"https:\/\/aromes-en-scene-cocktails.com\/en\/product\/psychedlic\/\" \/>\n<meta property=\"og:site_name\" content=\"Ar\u00f4mes en Sc\u00e8ne\" \/>\n<meta property=\"og:image\" content=\"https:\/\/aromes-en-scene-cocktails.com\/wp-content\/uploads\/2023\/11\/DALL\u00b7E-2023-11-23-10.57.52-A-highly-realistic-photograph-style-image-of-a-cocktail-in-a-different-format.-The-cocktail-is-made-with-crushed-ice-1_3-anisette-Marie-Brizard-1_3--1024x585.png\" \/>\n\t<meta property=\"og:image:width\" content=\"1024\" \/>\n\t<meta property=\"og:image:height\" content=\"585\" \/>\n\t<meta property=\"og:image:type\" content=\"image\/png\" \/>\n<meta name=\"twitter:card\" content=\"summary_large_image\" \/>\n<meta name=\"twitter:label1\" content=\"Estimated reading time\" \/>\n\t<meta name=\"twitter:data1\" content=\"1 minute\" \/>\n<script type=\"application\/ld+json\" class=\"yoast-schema-graph\">{\"@context\":\"https:\/\/schema.org\",\"@graph\":[{\"@type\":\"WebPage\",\"@id\":\"https:\/\/aromes-en-scene-cocktails.com\/en\/product\/psychedlic\/\",\"url\":\"https:\/\/aromes-en-scene-cocktails.com\/en\/product\/psychedlic\/\",\"name\":\"Psychedlic - Ar\u00f4mes en Sc\u00e8ne\",\"isPartOf\":{\"@id\":\"https:\/\/aromes-en-scene-cocktails.com\/en\/#website\"},\"primaryImageOfPage\":{\"@id\":\"https:\/\/aromes-en-scene-cocktails.com\/en\/product\/psychedlic\/#primaryimage\"},\"image\":{\"@id\":\"https:\/\/aromes-en-scene-cocktails.com\/en\/product\/psychedlic\/#primaryimage\"},\"thumbnailUrl\":\"https:\/\/aromes-en-scene-cocktails.com\/wp-content\/uploads\/2023\/11\/DALL\u00b7E-2023-11-23-10.57.52-A-highly-realistic-photograph-style-image-of-a-cocktail-in-a-different-format.-The-cocktail-is-made-with-crushed-ice-1_3-anisette-Marie-Brizard-1_3-.png\",\"datePublished\":\"2023-11-23T09:58:20+00:00\",\"breadcrumb\":{\"@id\":\"https:\/\/aromes-en-scene-cocktails.com\/en\/product\/psychedlic\/#breadcrumb\"},\"inLanguage\":\"en-GB\",\"potentialAction\":[{\"@type\":\"ReadAction\",\"target\":[\"https:\/\/aromes-en-scene-cocktails.com\/en\/product\/psychedlic\/\"]}]},{\"@type\":\"ImageObject\",\"inLanguage\":\"en-GB\",\"@id\":\"https:\/\/aromes-en-scene-cocktails.com\/en\/product\/psychedlic\/#primaryimage\",\"url\":\"https:\/\/aromes-en-scene-cocktails.com\/wp-content\/uploads\/2023\/11\/DALL\u00b7E-2023-11-23-10.57.52-A-highly-realistic-photograph-style-image-of-a-cocktail-in-a-different-format.-The-cocktail-is-made-with-crushed-ice-1_3-anisette-Marie-Brizard-1_3-.png\",\"contentUrl\":\"https:\/\/aromes-en-scene-cocktails.com\/wp-content\/uploads\/2023\/11\/DALL\u00b7E-2023-11-23-10.57.52-A-highly-realistic-photograph-style-image-of-a-cocktail-in-a-different-format.-The-cocktail-is-made-with-crushed-ice-1_3-anisette-Marie-Brizard-1_3-.png\",\"width\":1792,\"height\":1024},{\"@type\":\"BreadcrumbList\",\"@id\":\"https:\/\/aromes-en-scene-cocktails.com\/en\/product\/psychedlic\/#breadcrumb\",\"itemListElement\":[{\"@type\":\"ListItem\",\"position\":1,\"name\":\"Home\",\"item\":\"https:\/\/aromes-en-scene-cocktails.com\/\"},{\"@type\":\"ListItem\",\"position\":2,\"name\":\"Produits\",\"item\":\"https:\/\/aromes-en-scene-cocktails.com\/boutique\/\"},{\"@type\":\"ListItem\",\"position\":3,\"name\":\"Psychedlic\"}]},{\"@type\":\"WebSite\",\"@id\":\"https:\/\/aromes-en-scene-cocktails.com\/en\/#website\",\"url\":\"https:\/\/aromes-en-scene-cocktails.com\/en\/\",\"name\":\"Ar\u00f4mes en Sc\u00e8ne\",\"description\":\"Unlimited cocktails, endless flavors\",\"publisher\":{\"@id\":\"https:\/\/aromes-en-scene-cocktails.com\/en\/#organization\"},\"potentialAction\":[{\"@type\":\"SearchAction\",\"target\":{\"@type\":\"EntryPoint\",\"urlTemplate\":\"https:\/\/aromes-en-scene-cocktails.com\/en\/?s={search_term_string}\"},\"query-input\":{\"@type\":\"PropertyValueSpecification\",\"valueRequired\":true,\"valueName\":\"search_term_string\"}}],\"inLanguage\":\"en-GB\"},{\"@type\":\"Organization\",\"@id\":\"https:\/\/aromes-en-scene-cocktails.com\/en\/#organization\",\"name\":\"Ar\u00f4mes en Sc\u00e8ne\",\"url\":\"https:\/\/aromes-en-scene-cocktails.com\/en\/\",\"logo\":{\"@type\":\"ImageObject\",\"inLanguage\":\"en-GB\",\"@id\":\"https:\/\/aromes-en-scene-cocktails.com\/en\/#\/schema\/logo\/image\/\",\"url\":\"https:\/\/aromes-en-scene-cocktails.com\/wp-content\/uploads\/2023\/06\/cocktail-avec-tranche-de-citron.png\",\"contentUrl\":\"https:\/\/aromes-en-scene-cocktails.com\/wp-content\/uploads\/2023\/06\/cocktail-avec-tranche-de-citron.png\",\"width\":512,\"height\":512,\"caption\":\"Ar\u00f4mes en Sc\u00e8ne\"},\"image\":{\"@id\":\"https:\/\/aromes-en-scene-cocktails.com\/en\/#\/schema\/logo\/image\/\"}}]}<\/script>\n<!-- \/ Yoast SEO plugin. -->","yoast_head_json":{"title":"Psychedlic - Ar\u00f4mes en Sc\u00e8ne","robots":{"index":"index","follow":"follow","max-snippet":"max-snippet:-1","max-image-preview":"max-image-preview:large","max-video-preview":"max-video-preview:-1"},"canonical":"https:\/\/aromes-en-scene-cocktails.com\/en\/product\/psychedlic\/","og_locale":"en_GB","og_type":"article","og_title":"Psychedlic - Ar\u00f4mes en Sc\u00e8ne","og_description":"Mettez dans un tumbler De la glace pil\u00e9e 1\/3 anisette Marie Brizard 1\/3 Gin 1\/3 grenadine 1 trait eau gazeuse Sur b\u00e2tonnet piquez une cerise avec un cube d\u2019ananas. Ajouter 2 chalumeaux.","og_url":"https:\/\/aromes-en-scene-cocktails.com\/en\/product\/psychedlic\/","og_site_name":"Ar\u00f4mes en Sc\u00e8ne","og_image":[{"width":1024,"height":585,"url":"https:\/\/aromes-en-scene-cocktails.com\/wp-content\/uploads\/2023\/11\/DALL\u00b7E-2023-11-23-10.57.52-A-highly-realistic-photograph-style-image-of-a-cocktail-in-a-different-format.-The-cocktail-is-made-with-crushed-ice-1_3-anisette-Marie-Brizard-1_3--1024x585.png","type":"image\/png"}],"twitter_card":"summary_large_image","twitter_misc":{"Estimated reading time":"1 minute"},"schema":{"@context":"https:\/\/schema.org","@graph":[{"@type":"WebPage","@id":"https:\/\/aromes-en-scene-cocktails.com\/en\/product\/psychedlic\/","url":"https:\/\/aromes-en-scene-cocktails.com\/en\/product\/psychedlic\/","name":"Psychedlic - Ar\u00f4mes en Sc\u00e8ne","isPartOf":{"@id":"https:\/\/aromes-en-scene-cocktails.com\/en\/#website"},"primaryImageOfPage":{"@id":"https:\/\/aromes-en-scene-cocktails.com\/en\/product\/psychedlic\/#primaryimage"},"image":{"@id":"https:\/\/aromes-en-scene-cocktails.com\/en\/product\/psychedlic\/#primaryimage"},"thumbnailUrl":"https:\/\/aromes-en-scene-cocktails.com\/wp-content\/uploads\/2023\/11\/DALL\u00b7E-2023-11-23-10.57.52-A-highly-realistic-photograph-style-image-of-a-cocktail-in-a-different-format.-The-cocktail-is-made-with-crushed-ice-1_3-anisette-Marie-Brizard-1_3-.png","datePublished":"2023-11-23T09:58:20+00:00","breadcrumb":{"@id":"https:\/\/aromes-en-scene-cocktails.com\/en\/product\/psychedlic\/#breadcrumb"},"inLanguage":"en-GB","potentialAction":[{"@type":"ReadAction","target":["https:\/\/aromes-en-scene-cocktails.com\/en\/product\/psychedlic\/"]}]},{"@type":"ImageObject","inLanguage":"en-GB","@id":"https:\/\/aromes-en-scene-cocktails.com\/en\/product\/psychedlic\/#primaryimage","url":"https:\/\/aromes-en-scene-cocktails.com\/wp-content\/uploads\/2023\/11\/DALL\u00b7E-2023-11-23-10.57.52-A-highly-realistic-photograph-style-image-of-a-cocktail-in-a-different-format.-The-cocktail-is-made-with-crushed-ice-1_3-anisette-Marie-Brizard-1_3-.png","contentUrl":"https:\/\/aromes-en-scene-cocktails.com\/wp-content\/uploads\/2023\/11\/DALL\u00b7E-2023-11-23-10.57.52-A-highly-realistic-photograph-style-image-of-a-cocktail-in-a-different-format.-The-cocktail-is-made-with-crushed-ice-1_3-anisette-Marie-Brizard-1_3-.png","width":1792,"height":1024},{"@type":"BreadcrumbList","@id":"https:\/\/aromes-en-scene-cocktails.com\/en\/product\/psychedlic\/#breadcrumb","itemListElement":[{"@type":"ListItem","position":1,"name":"Home","item":"https:\/\/aromes-en-scene-cocktails.com\/"},{"@type":"ListItem","position":2,"name":"Produits","item":"https:\/\/aromes-en-scene-cocktails.com\/boutique\/"},{"@type":"ListItem","position":3,"name":"Psychedlic"}]},{"@type":"WebSite","@id":"https:\/\/aromes-en-scene-cocktails.com\/en\/#website","url":"https:\/\/aromes-en-scene-cocktails.com\/en\/","name":"Ar\u00f4mes en Sc\u00e8ne","description":"Unlimited cocktails, endless flavors","publisher":{"@id":"https:\/\/aromes-en-scene-cocktails.com\/en\/#organization"},"potentialAction":[{"@type":"SearchAction","target":{"@type":"EntryPoint","urlTemplate":"https:\/\/aromes-en-scene-cocktails.com\/en\/?s={search_term_string}"},"query-input":{"@type":"PropertyValueSpecification","valueRequired":true,"valueName":"search_term_string"}}],"inLanguage":"en-GB"},{"@type":"Organization","@id":"https:\/\/aromes-en-scene-cocktails.com\/en\/#organization","name":"Ar\u00f4mes en Sc\u00e8ne","url":"https:\/\/aromes-en-scene-cocktails.com\/en\/","logo":{"@type":"ImageObject","inLanguage":"en-GB","@id":"https:\/\/aromes-en-scene-cocktails.com\/en\/#\/schema\/logo\/image\/","url":"https:\/\/aromes-en-scene-cocktails.com\/wp-content\/uploads\/2023\/06\/cocktail-avec-tranche-de-citron.png","contentUrl":"https:\/\/aromes-en-scene-cocktails.com\/wp-content\/uploads\/2023\/06\/cocktail-avec-tranche-de-citron.png","width":512,"height":512,"caption":"Ar\u00f4mes en Sc\u00e8ne"},"image":{"@id":"https:\/\/aromes-en-scene-cocktails.com\/en\/#\/schema\/logo\/image\/"}}]}},"featured_media_urls":{"thumbnail":["https:\/\/aromes-en-scene-cocktails.com\/wp-content\/uploads\/2023\/11\/DALL\u00b7E-2023-11-23-10.57.52-A-highly-realistic-photograph-style-image-of-a-cocktail-in-a-different-format.-The-cocktail-is-made-with-crushed-ice-1_3-anisette-Marie-Brizard-1_3--150x150.png",150,150,true],"medium":["https:\/\/aromes-en-scene-cocktails.com\/wp-content\/uploads\/2023\/11\/DALL\u00b7E-2023-11-23-10.57.52-A-highly-realistic-photograph-style-image-of-a-cocktail-in-a-different-format.-The-cocktail-is-made-with-crushed-ice-1_3-anisette-Marie-Brizard-1_3--300x171.png",300,171,true],"medium_large":["https:\/\/aromes-en-scene-cocktails.com\/wp-content\/uploads\/2023\/11\/DALL\u00b7E-2023-11-23-10.57.52-A-highly-realistic-photograph-style-image-of-a-cocktail-in-a-different-format.-The-cocktail-is-made-with-crushed-ice-1_3-anisette-Marie-Brizard-1_3--768x439.png",768,439,true],"large":["https:\/\/aromes-en-scene-cocktails.com\/wp-content\/uploads\/2023\/11\/DALL\u00b7E-2023-11-23-10.57.52-A-highly-realistic-photograph-style-image-of-a-cocktail-in-a-different-format.-The-cocktail-is-made-with-crushed-ice-1_3-anisette-Marie-Brizard-1_3--1024x585.png",950,543,true],"1536x1536":["https:\/\/aromes-en-scene-cocktails.com\/wp-content\/uploads\/2023\/11\/DALL\u00b7E-2023-11-23-10.57.52-A-highly-realistic-photograph-style-image-of-a-cocktail-in-a-different-format.-The-cocktail-is-made-with-crushed-ice-1_3-anisette-Marie-Brizard-1_3--1536x878.png",1536,878,true],"2048x2048":["https:\/\/aromes-en-scene-cocktails.com\/wp-content\/uploads\/2023\/11\/DALL\u00b7E-2023-11-23-10.57.52-A-highly-realistic-photograph-style-image-of-a-cocktail-in-a-different-format.-The-cocktail-is-made-with-crushed-ice-1_3-anisette-Marie-Brizard-1_3-.png",1792,1024,false],"trp-custom-language-flag":["https:\/\/aromes-en-scene-cocktails.com\/wp-content\/uploads\/2023\/11\/DALL\u00b7E-2023-11-23-10.57.52-A-highly-realistic-photograph-style-image-of-a-cocktail-in-a-different-format.-The-cocktail-is-made-with-crushed-ice-1_3-anisette-Marie-Brizard-1_3--18x10.png",18,10,true],"inspiro-featured-image":["https:\/\/aromes-en-scene-cocktails.com\/wp-content\/uploads\/2023\/11\/DALL\u00b7E-2023-11-23-10.57.52-A-highly-realistic-photograph-style-image-of-a-cocktail-in-a-different-format.-The-cocktail-is-made-with-crushed-ice-1_3-anisette-Marie-Brizard-1_3-.png",1792,1024,false],"inspiro-loop":["https:\/\/aromes-en-scene-cocktails.com\/wp-content\/uploads\/2023\/11\/DALL\u00b7E-2023-11-23-10.57.52-A-highly-realistic-photograph-style-image-of-a-cocktail-in-a-different-format.-The-cocktail-is-made-with-crushed-ice-1_3-anisette-Marie-Brizard-1_3--950x320.png",950,320,true],"inspiro-loop@2x":["https:\/\/aromes-en-scene-cocktails.com\/wp-content\/uploads\/2023\/11\/DALL\u00b7E-2023-11-23-10.57.52-A-highly-realistic-photograph-style-image-of-a-cocktail-in-a-different-format.-The-cocktail-is-made-with-crushed-ice-1_3-anisette-Marie-Brizard-1_3--1792x640.png",1792,640,true],"woocommerce_thumbnail":["https:\/\/aromes-en-scene-cocktails.com\/wp-content\/uploads\/2023\/11\/DALL\u00b7E-2023-11-23-10.57.52-A-highly-realistic-photograph-style-image-of-a-cocktail-in-a-different-format.-The-cocktail-is-made-with-crushed-ice-1_3-anisette-Marie-Brizard-1_3--300x300.png",300,300,true],"woocommerce_single":["https:\/\/aromes-en-scene-cocktails.com\/wp-content\/uploads\/2023\/11\/DALL\u00b7E-2023-11-23-10.57.52-A-highly-realistic-photograph-style-image-of-a-cocktail-in-a-different-format.-The-cocktail-is-made-with-crushed-ice-1_3-anisette-Marie-Brizard-1_3--600x343.png",600,343,true],"woocommerce_gallery_thumbnail":["https:\/\/aromes-en-scene-cocktails.com\/wp-content\/uploads\/2023\/11\/DALL\u00b7E-2023-11-23-10.57.52-A-highly-realistic-photograph-style-image-of-a-cocktail-in-a-different-format.-The-cocktail-is-made-with-crushed-ice-1_3-anisette-Marie-Brizard-1_3--100x100.png",100,100,true],"portfolio_item-thumbnail":["https:\/\/aromes-en-scene-cocktails.com\/wp-content\/uploads\/2023\/11\/DALL\u00b7E-2023-11-23-10.57.52-A-highly-realistic-photograph-style-image-of-a-cocktail-in-a-different-format.-The-cocktail-is-made-with-crushed-ice-1_3-anisette-Marie-Brizard-1_3-.png",600,343,false],"portfolio_item-thumbnail@2x":["https:\/\/aromes-en-scene-cocktails.com\/wp-content\/uploads\/2023\/11\/DALL\u00b7E-2023-11-23-10.57.52-A-highly-realistic-photograph-style-image-of-a-cocktail-in-a-different-format.-The-cocktail-is-made-with-crushed-ice-1_3-anisette-Marie-Brizard-1_3-.png",1200,686,false],"portfolio_item-masonry":["https:\/\/aromes-en-scene-cocktails.com\/wp-content\/uploads\/2023\/11\/DALL\u00b7E-2023-11-23-10.57.52-A-highly-realistic-photograph-style-image-of-a-cocktail-in-a-different-format.-The-cocktail-is-made-with-crushed-ice-1_3-anisette-Marie-Brizard-1_3-.png",600,343,false],"portfolio_item-masonry@2x":["https:\/\/aromes-en-scene-cocktails.com\/wp-content\/uploads\/2023\/11\/DALL\u00b7E-2023-11-23-10.57.52-A-highly-realistic-photograph-style-image-of-a-cocktail-in-a-different-format.-The-cocktail-is-made-with-crushed-ice-1_3-anisette-Marie-Brizard-1_3-.png",1200,686,false],"portfolio_item-thumbnail_cinema":["https:\/\/aromes-en-scene-cocktails.com\/wp-content\/uploads\/2023\/11\/DALL\u00b7E-2023-11-23-10.57.52-A-highly-realistic-photograph-style-image-of-a-cocktail-in-a-different-format.-The-cocktail-is-made-with-crushed-ice-1_3-anisette-Marie-Brizard-1_3-.png",586,335,false],"portfolio_item-thumbnail_portrait":["https:\/\/aromes-en-scene-cocktails.com\/wp-content\/uploads\/2023\/11\/DALL\u00b7E-2023-11-23-10.57.52-A-highly-realistic-photograph-style-image-of-a-cocktail-in-a-different-format.-The-cocktail-is-made-with-crushed-ice-1_3-anisette-Marie-Brizard-1_3-.png",600,343,false],"portfolio_item-thumbnail_portrait@2x":["https:\/\/aromes-en-scene-cocktails.com\/wp-content\/uploads\/2023\/11\/DALL\u00b7E-2023-11-23-10.57.52-A-highly-realistic-photograph-style-image-of-a-cocktail-in-a-different-format.-The-cocktail-is-made-with-crushed-ice-1_3-anisette-Marie-Brizard-1_3-.png",1200,686,false],"portfolio_item-thumbnail_square":["https:\/\/aromes-en-scene-cocktails.com\/wp-content\/uploads\/2023\/11\/DALL\u00b7E-2023-11-23-10.57.52-A-highly-realistic-photograph-style-image-of-a-cocktail-in-a-different-format.-The-cocktail-is-made-with-crushed-ice-1_3-anisette-Marie-Brizard-1_3-.png",800,457,false]},"_links":{"self":[{"href":"https:\/\/aromes-en-scene-cocktails.com\/en\/wp-json\/wp\/v2\/product\/621","targetHints":{"allow":["GET"]}}],"collection":[{"href":"https:\/\/aromes-en-scene-cocktails.com\/en\/wp-json\/wp\/v2\/product"}],"about":[{"href":"https:\/\/aromes-en-scene-cocktails.com\/en\/wp-json\/wp\/v2\/types\/product"}],"replies":[{"embeddable":true,"href":"https:\/\/aromes-en-scene-cocktails.com\/en\/wp-json\/wp\/v2\/comments?post=621"}],"version-history":[{"count":1,"href":"https:\/\/aromes-en-scene-cocktails.com\/en\/wp-json\/wp\/v2\/product\/621\/revisions"}],"predecessor-version":[{"id":624,"href":"https:\/\/aromes-en-scene-cocktails.com\/en\/wp-json\/wp\/v2\/product\/621\/revisions\/624"}],"wp:featuredmedia":[{"embeddable":true,"href":"https:\/\/aromes-en-scene-cocktails.com\/en\/wp-json\/wp\/v2\/media\/623"}],"wp:attachment":[{"href":"https:\/\/aromes-en-scene-cocktails.com\/en\/wp-json\/wp\/v2\/media?parent=621"}],"wp:term":[{"taxonomy":"product_brand","embeddable":true,"href":"https:\/\/aromes-en-scene-cocktails.com\/en\/wp-json\/wp\/v2\/product_brand?post=621"},{"taxonomy":"product_cat","embeddable":true,"href":"https:\/\/aromes-en-scene-cocktails.com\/en\/wp-json\/wp\/v2\/product_cat?post=621"},{"taxonomy":"product_tag","embeddable":true,"href":"https:\/\/aromes-en-scene-cocktails.com\/en\/wp-json\/wp\/v2\/product_tag?post=621"}],"curies":[{"name":"wp","href":"https:\/\/api.w.org\/{rel}","templated":true}]}}