{"id":627,"date":"2023-11-23T15:01:45","date_gmt":"2023-11-23T14:01:45","guid":{"rendered":"https:\/\/aromes-en-scene-cocktails.com\/?post_type=product&#038;p=627"},"modified":"2023-12-29T16:05:47","modified_gmt":"2023-12-29T15:05:47","slug":"letourneau-dirminon","status":"publish","type":"product","link":"https:\/\/aromes-en-scene-cocktails.com\/en\/product\/letourneau-dirminon\/","title":{"rendered":"L\u2019Etourneau d&rsquo;Irminon"},"content":{"rendered":"<p>Ap\u00e9ritif de la Confr\u00e9rie d\u2019Irminion<\/p>\n<p>Dans un verre \u00e0 vin blanc<\/p>\n<ul>\n<li>2 cl de liqueur de cerises<\/li>\n<li>6 cl de vin blanc Sauvignon<\/li>\n<\/ul>\n<p>Servir frais<\/p>\n<p>D\u00e9corer avec une ou deux cerises<\/p>","protected":false},"excerpt":{"rendered":"<p>Ap\u00e9ritif de la Confr\u00e9rie d\u2019Irminion Dans un verre \u00e0 vin blanc 2 cl de liqueur de cerises 6 cl de vin blanc Sauvignon Servir frais D\u00e9corer avec une ou deux cerises<\/p>","protected":false},"featured_media":673,"comment_status":"open","ping_status":"closed","template":"","meta":[],"product_brand":[],"product_cat":[39,41],"product_tag":[],"class_list":{"0":"post-627","1":"product","2":"type-product","3":"status-publish","4":"has-post-thumbnail","6":"product_cat-liqueurs-et-creme","7":"product_cat-vins","8":"pa_alcool-liqueur-de-cerise","9":"pa_alcool-sauvignon","11":"first","12":"instock","13":"shipping-taxable","14":"product-type-simple"},"yoast_head":"<!-- This site is optimized with the Yoast SEO plugin v26.6 - https:\/\/yoast.com\/wordpress\/plugins\/seo\/ -->\n<title>L\u2019Etourneau d&#039;Irminon - Ar\u00f4mes en Sc\u00e8ne<\/title>\n<meta name=\"robots\" content=\"index, follow, max-snippet:-1, max-image-preview:large, max-video-preview:-1\" \/>\n<link rel=\"canonical\" href=\"https:\/\/aromes-en-scene-cocktails.com\/en\/product\/letourneau-dirminon\/\" \/>\n<meta property=\"og:locale\" content=\"en_GB\" \/>\n<meta property=\"og:type\" content=\"article\" \/>\n<meta property=\"og:title\" content=\"L\u2019Etourneau d&#039;Irminon - Ar\u00f4mes en Sc\u00e8ne\" \/>\n<meta property=\"og:description\" content=\"Ap\u00e9ritif de la Confr\u00e9rie d\u2019Irminion Dans un verre \u00e0 vin blanc 2 cl de liqueur de cerises 6 cl de vin blanc Sauvignon Servir frais D\u00e9corer avec une ou deux cerises\" \/>\n<meta property=\"og:url\" content=\"https:\/\/aromes-en-scene-cocktails.com\/en\/product\/letourneau-dirminon\/\" \/>\n<meta property=\"og:site_name\" content=\"Ar\u00f4mes en Sc\u00e8ne\" \/>\n<meta property=\"article:modified_time\" content=\"2023-12-29T15:05:47+00:00\" \/>\n<meta property=\"og:image\" content=\"https:\/\/aromes-en-scene-cocktails.com\/wp-content\/uploads\/2023\/11\/DALL\u00b7E-2023-12-29-16.04.39-A-highly-realistic-image-of-a-cocktail-in-a-white-wine-glass-showcasing-a-blend-of-2-cl-cherry-liqueur-and-6-cl-Sauvignon-white-wine-served-without-.png\" \/>\n\t<meta property=\"og:image:width\" content=\"1024\" \/>\n\t<meta property=\"og:image:height\" content=\"1024\" \/>\n\t<meta property=\"og:image:type\" content=\"image\/png\" \/>\n<meta name=\"twitter:card\" content=\"summary_large_image\" \/>\n<meta name=\"twitter:label1\" content=\"Estimated reading time\" \/>\n\t<meta name=\"twitter:data1\" content=\"1 minute\" \/>\n<script type=\"application\/ld+json\" class=\"yoast-schema-graph\">{\"@context\":\"https:\/\/schema.org\",\"@graph\":[{\"@type\":\"WebPage\",\"@id\":\"https:\/\/aromes-en-scene-cocktails.com\/en\/product\/letourneau-dirminon\/\",\"url\":\"https:\/\/aromes-en-scene-cocktails.com\/en\/product\/letourneau-dirminon\/\",\"name\":\"L\u2019Etourneau d'Irminon - Ar\u00f4mes en Sc\u00e8ne\",\"isPartOf\":{\"@id\":\"https:\/\/aromes-en-scene-cocktails.com\/en\/#website\"},\"primaryImageOfPage\":{\"@id\":\"https:\/\/aromes-en-scene-cocktails.com\/en\/product\/letourneau-dirminon\/#primaryimage\"},\"image\":{\"@id\":\"https:\/\/aromes-en-scene-cocktails.com\/en\/product\/letourneau-dirminon\/#primaryimage\"},\"thumbnailUrl\":\"https:\/\/aromes-en-scene-cocktails.com\/wp-content\/uploads\/2023\/11\/DALL\u00b7E-2023-12-29-16.04.39-A-highly-realistic-image-of-a-cocktail-in-a-white-wine-glass-showcasing-a-blend-of-2-cl-cherry-liqueur-and-6-cl-Sauvignon-white-wine-served-without-.png\",\"datePublished\":\"2023-11-23T14:01:45+00:00\",\"dateModified\":\"2023-12-29T15:05:47+00:00\",\"breadcrumb\":{\"@id\":\"https:\/\/aromes-en-scene-cocktails.com\/en\/product\/letourneau-dirminon\/#breadcrumb\"},\"inLanguage\":\"en-GB\",\"potentialAction\":[{\"@type\":\"ReadAction\",\"target\":[\"https:\/\/aromes-en-scene-cocktails.com\/en\/product\/letourneau-dirminon\/\"]}]},{\"@type\":\"ImageObject\",\"inLanguage\":\"en-GB\",\"@id\":\"https:\/\/aromes-en-scene-cocktails.com\/en\/product\/letourneau-dirminon\/#primaryimage\",\"url\":\"https:\/\/aromes-en-scene-cocktails.com\/wp-content\/uploads\/2023\/11\/DALL\u00b7E-2023-12-29-16.04.39-A-highly-realistic-image-of-a-cocktail-in-a-white-wine-glass-showcasing-a-blend-of-2-cl-cherry-liqueur-and-6-cl-Sauvignon-white-wine-served-without-.png\",\"contentUrl\":\"https:\/\/aromes-en-scene-cocktails.com\/wp-content\/uploads\/2023\/11\/DALL\u00b7E-2023-12-29-16.04.39-A-highly-realistic-image-of-a-cocktail-in-a-white-wine-glass-showcasing-a-blend-of-2-cl-cherry-liqueur-and-6-cl-Sauvignon-white-wine-served-without-.png\",\"width\":1024,\"height\":1024},{\"@type\":\"BreadcrumbList\",\"@id\":\"https:\/\/aromes-en-scene-cocktails.com\/en\/product\/letourneau-dirminon\/#breadcrumb\",\"itemListElement\":[{\"@type\":\"ListItem\",\"position\":1,\"name\":\"Home\",\"item\":\"https:\/\/aromes-en-scene-cocktails.com\/\"},{\"@type\":\"ListItem\",\"position\":2,\"name\":\"Produits\",\"item\":\"https:\/\/aromes-en-scene-cocktails.com\/boutique\/\"},{\"@type\":\"ListItem\",\"position\":3,\"name\":\"L\u2019Etourneau d&#8217;Irminon\"}]},{\"@type\":\"WebSite\",\"@id\":\"https:\/\/aromes-en-scene-cocktails.com\/en\/#website\",\"url\":\"https:\/\/aromes-en-scene-cocktails.com\/en\/\",\"name\":\"Ar\u00f4mes en Sc\u00e8ne\",\"description\":\"Unlimited cocktails, endless flavors\",\"publisher\":{\"@id\":\"https:\/\/aromes-en-scene-cocktails.com\/en\/#organization\"},\"potentialAction\":[{\"@type\":\"SearchAction\",\"target\":{\"@type\":\"EntryPoint\",\"urlTemplate\":\"https:\/\/aromes-en-scene-cocktails.com\/en\/?s={search_term_string}\"},\"query-input\":{\"@type\":\"PropertyValueSpecification\",\"valueRequired\":true,\"valueName\":\"search_term_string\"}}],\"inLanguage\":\"en-GB\"},{\"@type\":\"Organization\",\"@id\":\"https:\/\/aromes-en-scene-cocktails.com\/en\/#organization\",\"name\":\"Ar\u00f4mes en Sc\u00e8ne\",\"url\":\"https:\/\/aromes-en-scene-cocktails.com\/en\/\",\"logo\":{\"@type\":\"ImageObject\",\"inLanguage\":\"en-GB\",\"@id\":\"https:\/\/aromes-en-scene-cocktails.com\/en\/#\/schema\/logo\/image\/\",\"url\":\"https:\/\/aromes-en-scene-cocktails.com\/wp-content\/uploads\/2023\/06\/cocktail-avec-tranche-de-citron.png\",\"contentUrl\":\"https:\/\/aromes-en-scene-cocktails.com\/wp-content\/uploads\/2023\/06\/cocktail-avec-tranche-de-citron.png\",\"width\":512,\"height\":512,\"caption\":\"Ar\u00f4mes en Sc\u00e8ne\"},\"image\":{\"@id\":\"https:\/\/aromes-en-scene-cocktails.com\/en\/#\/schema\/logo\/image\/\"}}]}<\/script>\n<!-- \/ Yoast SEO plugin. -->","yoast_head_json":{"title":"L\u2019Etourneau d'Irminon - Ar\u00f4mes en Sc\u00e8ne","robots":{"index":"index","follow":"follow","max-snippet":"max-snippet:-1","max-image-preview":"max-image-preview:large","max-video-preview":"max-video-preview:-1"},"canonical":"https:\/\/aromes-en-scene-cocktails.com\/en\/product\/letourneau-dirminon\/","og_locale":"en_GB","og_type":"article","og_title":"L\u2019Etourneau d'Irminon - Ar\u00f4mes en Sc\u00e8ne","og_description":"Ap\u00e9ritif de la Confr\u00e9rie d\u2019Irminion Dans un verre \u00e0 vin blanc 2 cl de liqueur de cerises 6 cl de vin blanc Sauvignon Servir frais D\u00e9corer avec une ou deux cerises","og_url":"https:\/\/aromes-en-scene-cocktails.com\/en\/product\/letourneau-dirminon\/","og_site_name":"Ar\u00f4mes en Sc\u00e8ne","article_modified_time":"2023-12-29T15:05:47+00:00","og_image":[{"width":1024,"height":1024,"url":"https:\/\/aromes-en-scene-cocktails.com\/wp-content\/uploads\/2023\/11\/DALL\u00b7E-2023-12-29-16.04.39-A-highly-realistic-image-of-a-cocktail-in-a-white-wine-glass-showcasing-a-blend-of-2-cl-cherry-liqueur-and-6-cl-Sauvignon-white-wine-served-without-.png","type":"image\/png"}],"twitter_card":"summary_large_image","twitter_misc":{"Estimated reading time":"1 minute"},"schema":{"@context":"https:\/\/schema.org","@graph":[{"@type":"WebPage","@id":"https:\/\/aromes-en-scene-cocktails.com\/en\/product\/letourneau-dirminon\/","url":"https:\/\/aromes-en-scene-cocktails.com\/en\/product\/letourneau-dirminon\/","name":"L\u2019Etourneau d'Irminon - Ar\u00f4mes en Sc\u00e8ne","isPartOf":{"@id":"https:\/\/aromes-en-scene-cocktails.com\/en\/#website"},"primaryImageOfPage":{"@id":"https:\/\/aromes-en-scene-cocktails.com\/en\/product\/letourneau-dirminon\/#primaryimage"},"image":{"@id":"https:\/\/aromes-en-scene-cocktails.com\/en\/product\/letourneau-dirminon\/#primaryimage"},"thumbnailUrl":"https:\/\/aromes-en-scene-cocktails.com\/wp-content\/uploads\/2023\/11\/DALL\u00b7E-2023-12-29-16.04.39-A-highly-realistic-image-of-a-cocktail-in-a-white-wine-glass-showcasing-a-blend-of-2-cl-cherry-liqueur-and-6-cl-Sauvignon-white-wine-served-without-.png","datePublished":"2023-11-23T14:01:45+00:00","dateModified":"2023-12-29T15:05:47+00:00","breadcrumb":{"@id":"https:\/\/aromes-en-scene-cocktails.com\/en\/product\/letourneau-dirminon\/#breadcrumb"},"inLanguage":"en-GB","potentialAction":[{"@type":"ReadAction","target":["https:\/\/aromes-en-scene-cocktails.com\/en\/product\/letourneau-dirminon\/"]}]},{"@type":"ImageObject","inLanguage":"en-GB","@id":"https:\/\/aromes-en-scene-cocktails.com\/en\/product\/letourneau-dirminon\/#primaryimage","url":"https:\/\/aromes-en-scene-cocktails.com\/wp-content\/uploads\/2023\/11\/DALL\u00b7E-2023-12-29-16.04.39-A-highly-realistic-image-of-a-cocktail-in-a-white-wine-glass-showcasing-a-blend-of-2-cl-cherry-liqueur-and-6-cl-Sauvignon-white-wine-served-without-.png","contentUrl":"https:\/\/aromes-en-scene-cocktails.com\/wp-content\/uploads\/2023\/11\/DALL\u00b7E-2023-12-29-16.04.39-A-highly-realistic-image-of-a-cocktail-in-a-white-wine-glass-showcasing-a-blend-of-2-cl-cherry-liqueur-and-6-cl-Sauvignon-white-wine-served-without-.png","width":1024,"height":1024},{"@type":"BreadcrumbList","@id":"https:\/\/aromes-en-scene-cocktails.com\/en\/product\/letourneau-dirminon\/#breadcrumb","itemListElement":[{"@type":"ListItem","position":1,"name":"Home","item":"https:\/\/aromes-en-scene-cocktails.com\/"},{"@type":"ListItem","position":2,"name":"Produits","item":"https:\/\/aromes-en-scene-cocktails.com\/boutique\/"},{"@type":"ListItem","position":3,"name":"L\u2019Etourneau d&#8217;Irminon"}]},{"@type":"WebSite","@id":"https:\/\/aromes-en-scene-cocktails.com\/en\/#website","url":"https:\/\/aromes-en-scene-cocktails.com\/en\/","name":"Ar\u00f4mes en Sc\u00e8ne","description":"Unlimited cocktails, endless flavors","publisher":{"@id":"https:\/\/aromes-en-scene-cocktails.com\/en\/#organization"},"potentialAction":[{"@type":"SearchAction","target":{"@type":"EntryPoint","urlTemplate":"https:\/\/aromes-en-scene-cocktails.com\/en\/?s={search_term_string}"},"query-input":{"@type":"PropertyValueSpecification","valueRequired":true,"valueName":"search_term_string"}}],"inLanguage":"en-GB"},{"@type":"Organization","@id":"https:\/\/aromes-en-scene-cocktails.com\/en\/#organization","name":"Ar\u00f4mes en Sc\u00e8ne","url":"https:\/\/aromes-en-scene-cocktails.com\/en\/","logo":{"@type":"ImageObject","inLanguage":"en-GB","@id":"https:\/\/aromes-en-scene-cocktails.com\/en\/#\/schema\/logo\/image\/","url":"https:\/\/aromes-en-scene-cocktails.com\/wp-content\/uploads\/2023\/06\/cocktail-avec-tranche-de-citron.png","contentUrl":"https:\/\/aromes-en-scene-cocktails.com\/wp-content\/uploads\/2023\/06\/cocktail-avec-tranche-de-citron.png","width":512,"height":512,"caption":"Ar\u00f4mes en Sc\u00e8ne"},"image":{"@id":"https:\/\/aromes-en-scene-cocktails.com\/en\/#\/schema\/logo\/image\/"}}]}},"featured_media_urls":{"thumbnail":["https:\/\/aromes-en-scene-cocktails.com\/wp-content\/uploads\/2023\/11\/DALL\u00b7E-2023-12-29-16.04.39-A-highly-realistic-image-of-a-cocktail-in-a-white-wine-glass-showcasing-a-blend-of-2-cl-cherry-liqueur-and-6-cl-Sauvignon-white-wine-served-without--150x150.png",150,150,true],"medium":["https:\/\/aromes-en-scene-cocktails.com\/wp-content\/uploads\/2023\/11\/DALL\u00b7E-2023-12-29-16.04.39-A-highly-realistic-image-of-a-cocktail-in-a-white-wine-glass-showcasing-a-blend-of-2-cl-cherry-liqueur-and-6-cl-Sauvignon-white-wine-served-without--300x300.png",300,300,true],"medium_large":["https:\/\/aromes-en-scene-cocktails.com\/wp-content\/uploads\/2023\/11\/DALL\u00b7E-2023-12-29-16.04.39-A-highly-realistic-image-of-a-cocktail-in-a-white-wine-glass-showcasing-a-blend-of-2-cl-cherry-liqueur-and-6-cl-Sauvignon-white-wine-served-without--768x768.png",768,768,true],"large":["https:\/\/aromes-en-scene-cocktails.com\/wp-content\/uploads\/2023\/11\/DALL\u00b7E-2023-12-29-16.04.39-A-highly-realistic-image-of-a-cocktail-in-a-white-wine-glass-showcasing-a-blend-of-2-cl-cherry-liqueur-and-6-cl-Sauvignon-white-wine-served-without-.png",950,950,false],"1536x1536":["https:\/\/aromes-en-scene-cocktails.com\/wp-content\/uploads\/2023\/11\/DALL\u00b7E-2023-12-29-16.04.39-A-highly-realistic-image-of-a-cocktail-in-a-white-wine-glass-showcasing-a-blend-of-2-cl-cherry-liqueur-and-6-cl-Sauvignon-white-wine-served-without-.png",1024,1024,false],"2048x2048":["https:\/\/aromes-en-scene-cocktails.com\/wp-content\/uploads\/2023\/11\/DALL\u00b7E-2023-12-29-16.04.39-A-highly-realistic-image-of-a-cocktail-in-a-white-wine-glass-showcasing-a-blend-of-2-cl-cherry-liqueur-and-6-cl-Sauvignon-white-wine-served-without-.png",1024,1024,false],"trp-custom-language-flag":["https:\/\/aromes-en-scene-cocktails.com\/wp-content\/uploads\/2023\/11\/DALL\u00b7E-2023-12-29-16.04.39-A-highly-realistic-image-of-a-cocktail-in-a-white-wine-glass-showcasing-a-blend-of-2-cl-cherry-liqueur-and-6-cl-Sauvignon-white-wine-served-without--12x12.png",12,12,true],"inspiro-featured-image":["https:\/\/aromes-en-scene-cocktails.com\/wp-content\/uploads\/2023\/11\/DALL\u00b7E-2023-12-29-16.04.39-A-highly-realistic-image-of-a-cocktail-in-a-white-wine-glass-showcasing-a-blend-of-2-cl-cherry-liqueur-and-6-cl-Sauvignon-white-wine-served-without-.png",1024,1024,false],"inspiro-loop":["https:\/\/aromes-en-scene-cocktails.com\/wp-content\/uploads\/2023\/11\/DALL\u00b7E-2023-12-29-16.04.39-A-highly-realistic-image-of-a-cocktail-in-a-white-wine-glass-showcasing-a-blend-of-2-cl-cherry-liqueur-and-6-cl-Sauvignon-white-wine-served-without--950x320.png",950,320,true],"inspiro-loop@2x":["https:\/\/aromes-en-scene-cocktails.com\/wp-content\/uploads\/2023\/11\/DALL\u00b7E-2023-12-29-16.04.39-A-highly-realistic-image-of-a-cocktail-in-a-white-wine-glass-showcasing-a-blend-of-2-cl-cherry-liqueur-and-6-cl-Sauvignon-white-wine-served-without--1024x640.png",1024,640,true],"woocommerce_thumbnail":["https:\/\/aromes-en-scene-cocktails.com\/wp-content\/uploads\/2023\/11\/DALL\u00b7E-2023-12-29-16.04.39-A-highly-realistic-image-of-a-cocktail-in-a-white-wine-glass-showcasing-a-blend-of-2-cl-cherry-liqueur-and-6-cl-Sauvignon-white-wine-served-without--300x300.png",300,300,true],"woocommerce_single":["https:\/\/aromes-en-scene-cocktails.com\/wp-content\/uploads\/2023\/11\/DALL\u00b7E-2023-12-29-16.04.39-A-highly-realistic-image-of-a-cocktail-in-a-white-wine-glass-showcasing-a-blend-of-2-cl-cherry-liqueur-and-6-cl-Sauvignon-white-wine-served-without--600x600.png",600,600,true],"woocommerce_gallery_thumbnail":["https:\/\/aromes-en-scene-cocktails.com\/wp-content\/uploads\/2023\/11\/DALL\u00b7E-2023-12-29-16.04.39-A-highly-realistic-image-of-a-cocktail-in-a-white-wine-glass-showcasing-a-blend-of-2-cl-cherry-liqueur-and-6-cl-Sauvignon-white-wine-served-without--100x100.png",100,100,true],"portfolio_item-thumbnail":["https:\/\/aromes-en-scene-cocktails.com\/wp-content\/uploads\/2023\/11\/DALL\u00b7E-2023-12-29-16.04.39-A-highly-realistic-image-of-a-cocktail-in-a-white-wine-glass-showcasing-a-blend-of-2-cl-cherry-liqueur-and-6-cl-Sauvignon-white-wine-served-without-.png",400,400,false],"portfolio_item-thumbnail@2x":["https:\/\/aromes-en-scene-cocktails.com\/wp-content\/uploads\/2023\/11\/DALL\u00b7E-2023-12-29-16.04.39-A-highly-realistic-image-of-a-cocktail-in-a-white-wine-glass-showcasing-a-blend-of-2-cl-cherry-liqueur-and-6-cl-Sauvignon-white-wine-served-without-.png",800,800,false],"portfolio_item-masonry":["https:\/\/aromes-en-scene-cocktails.com\/wp-content\/uploads\/2023\/11\/DALL\u00b7E-2023-12-29-16.04.39-A-highly-realistic-image-of-a-cocktail-in-a-white-wine-glass-showcasing-a-blend-of-2-cl-cherry-liqueur-and-6-cl-Sauvignon-white-wine-served-without-.png",600,600,false],"portfolio_item-masonry@2x":["https:\/\/aromes-en-scene-cocktails.com\/wp-content\/uploads\/2023\/11\/DALL\u00b7E-2023-12-29-16.04.39-A-highly-realistic-image-of-a-cocktail-in-a-white-wine-glass-showcasing-a-blend-of-2-cl-cherry-liqueur-and-6-cl-Sauvignon-white-wine-served-without-.png",1024,1024,false],"portfolio_item-thumbnail_cinema":["https:\/\/aromes-en-scene-cocktails.com\/wp-content\/uploads\/2023\/11\/DALL\u00b7E-2023-12-29-16.04.39-A-highly-realistic-image-of-a-cocktail-in-a-white-wine-glass-showcasing-a-blend-of-2-cl-cherry-liqueur-and-6-cl-Sauvignon-white-wine-served-without-.png",335,335,false],"portfolio_item-thumbnail_portrait":["https:\/\/aromes-en-scene-cocktails.com\/wp-content\/uploads\/2023\/11\/DALL\u00b7E-2023-12-29-16.04.39-A-highly-realistic-image-of-a-cocktail-in-a-white-wine-glass-showcasing-a-blend-of-2-cl-cherry-liqueur-and-6-cl-Sauvignon-white-wine-served-without-.png",600,600,false],"portfolio_item-thumbnail_portrait@2x":["https:\/\/aromes-en-scene-cocktails.com\/wp-content\/uploads\/2023\/11\/DALL\u00b7E-2023-12-29-16.04.39-A-highly-realistic-image-of-a-cocktail-in-a-white-wine-glass-showcasing-a-blend-of-2-cl-cherry-liqueur-and-6-cl-Sauvignon-white-wine-served-without-.png",1024,1024,false],"portfolio_item-thumbnail_square":["https:\/\/aromes-en-scene-cocktails.com\/wp-content\/uploads\/2023\/11\/DALL\u00b7E-2023-12-29-16.04.39-A-highly-realistic-image-of-a-cocktail-in-a-white-wine-glass-showcasing-a-blend-of-2-cl-cherry-liqueur-and-6-cl-Sauvignon-white-wine-served-without-.png",800,800,false]},"_links":{"self":[{"href":"https:\/\/aromes-en-scene-cocktails.com\/en\/wp-json\/wp\/v2\/product\/627","targetHints":{"allow":["GET"]}}],"collection":[{"href":"https:\/\/aromes-en-scene-cocktails.com\/en\/wp-json\/wp\/v2\/product"}],"about":[{"href":"https:\/\/aromes-en-scene-cocktails.com\/en\/wp-json\/wp\/v2\/types\/product"}],"replies":[{"embeddable":true,"href":"https:\/\/aromes-en-scene-cocktails.com\/en\/wp-json\/wp\/v2\/comments?post=627"}],"version-history":[{"count":1,"href":"https:\/\/aromes-en-scene-cocktails.com\/en\/wp-json\/wp\/v2\/product\/627\/revisions"}],"predecessor-version":[{"id":629,"href":"https:\/\/aromes-en-scene-cocktails.com\/en\/wp-json\/wp\/v2\/product\/627\/revisions\/629"}],"wp:featuredmedia":[{"embeddable":true,"href":"https:\/\/aromes-en-scene-cocktails.com\/en\/wp-json\/wp\/v2\/media\/673"}],"wp:attachment":[{"href":"https:\/\/aromes-en-scene-cocktails.com\/en\/wp-json\/wp\/v2\/media?parent=627"}],"wp:term":[{"taxonomy":"product_brand","embeddable":true,"href":"https:\/\/aromes-en-scene-cocktails.com\/en\/wp-json\/wp\/v2\/product_brand?post=627"},{"taxonomy":"product_cat","embeddable":true,"href":"https:\/\/aromes-en-scene-cocktails.com\/en\/wp-json\/wp\/v2\/product_cat?post=627"},{"taxonomy":"product_tag","embeddable":true,"href":"https:\/\/aromes-en-scene-cocktails.com\/en\/wp-json\/wp\/v2\/product_tag?post=627"}],"curies":[{"name":"wp","href":"https:\/\/api.w.org\/{rel}","templated":true}]}}