{"id":675,"date":"2024-03-12T15:56:19","date_gmt":"2024-03-12T14:56:19","guid":{"rendered":"https:\/\/aromes-en-scene-cocktails.com\/?post_type=product&#038;p=675"},"modified":"2024-03-12T15:56:20","modified_gmt":"2024-03-12T14:56:20","slug":"negroni","status":"publish","type":"product","link":"https:\/\/aromes-en-scene-cocktails.com\/en\/product\/negroni\/","title":{"rendered":"Negroni"},"content":{"rendered":"<p>Ingr\u00e9dients :<\/p>\n<h4 class=\"recipe-single__ingredients__group ff-sans fz-sm fw-500 m-0 mb-2 p-0\">Pour 1 verre<\/h4>\n<ul class=\"recipe-single__ingredients__list list-none fz-sm m-0 mb-4 p-0\">\n<li data-unit-converter-target=\"\" data-unit-converter-quantity=\"1.5\" data-unit-converter-format=\"%quantity% %suffix% de gin\" aria-label=\"4.5 cl de gin\">4.5 cl de gin<\/li>\n<li data-unit-converter-target=\"\" data-unit-converter-quantity=\"0.75\" data-unit-converter-format=\"%quantity% %suffix% de vermouth rouge\" aria-label=\"2.25 cl de vermouth rouge\">2.25 cl de vermouth rouge<\/li>\n<li data-unit-converter-target=\"\" data-unit-converter-quantity=\"0.75\" data-unit-converter-format=\"%quantity% %suffix% de liqueur am\u00e8re, Campari\" aria-label=\"2.25 cl de liqueur am\u00e8re, Campari\">2.25 cl de liqueur am\u00e8re, Campari<\/li>\n<li data-unit-converter-target=\"\" data-unit-converter-quantity=\"0.75\" data-unit-converter-format=\"%quantity% %suffix% de liqueur am\u00e8re, Campari\" aria-label=\"2.25 cl de liqueur am\u00e8re, Campari\">1 zeste d\u2019orange<\/li>\n<\/ul>","protected":false},"excerpt":{"rendered":"<p>Ingr\u00e9dients : Pour 1 verre 4.5 cl de gin 2.25 cl de vermouth rouge 2.25 cl de liqueur am\u00e8re, Campari 1 zeste d\u2019orange<\/p>","protected":false},"featured_media":676,"comment_status":"open","ping_status":"closed","template":"","meta":[],"product_brand":[],"product_cat":[36,39,42],"product_tag":[],"class_list":{"0":"post-675","1":"product","2":"type-product","3":"status-publish","4":"has-post-thumbnail","6":"product_cat-gin","7":"product_cat-liqueurs-et-creme","8":"product_cat-vermouth","9":"pa_alcool-campari","10":"pa_alcool-gin","11":"pa_alcool-vermouth","13":"first","14":"instock","15":"shipping-taxable","16":"product-type-simple"},"yoast_head":"<!-- This site is optimized with the Yoast SEO plugin v26.6 - https:\/\/yoast.com\/wordpress\/plugins\/seo\/ -->\n<title>Negroni - Ar\u00f4mes en Sc\u00e8ne<\/title>\n<meta name=\"robots\" content=\"index, follow, max-snippet:-1, max-image-preview:large, max-video-preview:-1\" \/>\n<link rel=\"canonical\" href=\"https:\/\/aromes-en-scene-cocktails.com\/en\/product\/negroni\/\" \/>\n<meta property=\"og:locale\" content=\"en_GB\" \/>\n<meta property=\"og:type\" content=\"article\" \/>\n<meta property=\"og:title\" content=\"Negroni - Ar\u00f4mes en Sc\u00e8ne\" \/>\n<meta property=\"og:description\" content=\"Ingr\u00e9dients : Pour 1 verre 4.5 cl de gin 2.25 cl de vermouth rouge 2.25 cl de liqueur am\u00e8re, Campari 1 zeste d\u2019orange\" \/>\n<meta property=\"og:url\" content=\"https:\/\/aromes-en-scene-cocktails.com\/en\/product\/negroni\/\" \/>\n<meta property=\"og:site_name\" content=\"Ar\u00f4mes en Sc\u00e8ne\" \/>\n<meta property=\"article:modified_time\" content=\"2024-03-12T14:56:20+00:00\" \/>\n<meta property=\"og:image\" content=\"https:\/\/aromes-en-scene-cocktails.com\/wp-content\/uploads\/2024\/03\/DALL\u00b7E-2024-03-12-15.53.21-A-close-up-shot-of-a-Negroni-cocktail-capturing-its-vibrant-red-orange-color-in-a-classic-old-fashioned-glass.-The-glass-is-placed-on-a-rustic-wooden.webp\" \/>\n\t<meta property=\"og:image:width\" content=\"1024\" \/>\n\t<meta property=\"og:image:height\" content=\"1024\" \/>\n\t<meta property=\"og:image:type\" content=\"image\/webp\" \/>\n<meta name=\"twitter:card\" content=\"summary_large_image\" \/>\n<meta name=\"twitter:label1\" content=\"Estimated reading time\" \/>\n\t<meta name=\"twitter:data1\" content=\"1 minute\" \/>\n<script type=\"application\/ld+json\" class=\"yoast-schema-graph\">{\"@context\":\"https:\/\/schema.org\",\"@graph\":[{\"@type\":\"WebPage\",\"@id\":\"https:\/\/aromes-en-scene-cocktails.com\/en\/product\/negroni\/\",\"url\":\"https:\/\/aromes-en-scene-cocktails.com\/en\/product\/negroni\/\",\"name\":\"Negroni - Ar\u00f4mes en Sc\u00e8ne\",\"isPartOf\":{\"@id\":\"https:\/\/aromes-en-scene-cocktails.com\/en\/#website\"},\"primaryImageOfPage\":{\"@id\":\"https:\/\/aromes-en-scene-cocktails.com\/en\/product\/negroni\/#primaryimage\"},\"image\":{\"@id\":\"https:\/\/aromes-en-scene-cocktails.com\/en\/product\/negroni\/#primaryimage\"},\"thumbnailUrl\":\"https:\/\/aromes-en-scene-cocktails.com\/wp-content\/uploads\/2024\/03\/DALL\u00b7E-2024-03-12-15.53.21-A-close-up-shot-of-a-Negroni-cocktail-capturing-its-vibrant-red-orange-color-in-a-classic-old-fashioned-glass.-The-glass-is-placed-on-a-rustic-wooden.webp\",\"datePublished\":\"2024-03-12T14:56:19+00:00\",\"dateModified\":\"2024-03-12T14:56:20+00:00\",\"breadcrumb\":{\"@id\":\"https:\/\/aromes-en-scene-cocktails.com\/en\/product\/negroni\/#breadcrumb\"},\"inLanguage\":\"en-GB\",\"potentialAction\":[{\"@type\":\"ReadAction\",\"target\":[\"https:\/\/aromes-en-scene-cocktails.com\/en\/product\/negroni\/\"]}]},{\"@type\":\"ImageObject\",\"inLanguage\":\"en-GB\",\"@id\":\"https:\/\/aromes-en-scene-cocktails.com\/en\/product\/negroni\/#primaryimage\",\"url\":\"https:\/\/aromes-en-scene-cocktails.com\/wp-content\/uploads\/2024\/03\/DALL\u00b7E-2024-03-12-15.53.21-A-close-up-shot-of-a-Negroni-cocktail-capturing-its-vibrant-red-orange-color-in-a-classic-old-fashioned-glass.-The-glass-is-placed-on-a-rustic-wooden.webp\",\"contentUrl\":\"https:\/\/aromes-en-scene-cocktails.com\/wp-content\/uploads\/2024\/03\/DALL\u00b7E-2024-03-12-15.53.21-A-close-up-shot-of-a-Negroni-cocktail-capturing-its-vibrant-red-orange-color-in-a-classic-old-fashioned-glass.-The-glass-is-placed-on-a-rustic-wooden.webp\",\"width\":1024,\"height\":1024},{\"@type\":\"BreadcrumbList\",\"@id\":\"https:\/\/aromes-en-scene-cocktails.com\/en\/product\/negroni\/#breadcrumb\",\"itemListElement\":[{\"@type\":\"ListItem\",\"position\":1,\"name\":\"Home\",\"item\":\"https:\/\/aromes-en-scene-cocktails.com\/\"},{\"@type\":\"ListItem\",\"position\":2,\"name\":\"Produits\",\"item\":\"https:\/\/aromes-en-scene-cocktails.com\/boutique\/\"},{\"@type\":\"ListItem\",\"position\":3,\"name\":\"Negroni\"}]},{\"@type\":\"WebSite\",\"@id\":\"https:\/\/aromes-en-scene-cocktails.com\/en\/#website\",\"url\":\"https:\/\/aromes-en-scene-cocktails.com\/en\/\",\"name\":\"Ar\u00f4mes en Sc\u00e8ne\",\"description\":\"Unlimited cocktails, endless flavors\",\"publisher\":{\"@id\":\"https:\/\/aromes-en-scene-cocktails.com\/en\/#organization\"},\"potentialAction\":[{\"@type\":\"SearchAction\",\"target\":{\"@type\":\"EntryPoint\",\"urlTemplate\":\"https:\/\/aromes-en-scene-cocktails.com\/en\/?s={search_term_string}\"},\"query-input\":{\"@type\":\"PropertyValueSpecification\",\"valueRequired\":true,\"valueName\":\"search_term_string\"}}],\"inLanguage\":\"en-GB\"},{\"@type\":\"Organization\",\"@id\":\"https:\/\/aromes-en-scene-cocktails.com\/en\/#organization\",\"name\":\"Ar\u00f4mes en Sc\u00e8ne\",\"url\":\"https:\/\/aromes-en-scene-cocktails.com\/en\/\",\"logo\":{\"@type\":\"ImageObject\",\"inLanguage\":\"en-GB\",\"@id\":\"https:\/\/aromes-en-scene-cocktails.com\/en\/#\/schema\/logo\/image\/\",\"url\":\"https:\/\/aromes-en-scene-cocktails.com\/wp-content\/uploads\/2023\/06\/cocktail-avec-tranche-de-citron.png\",\"contentUrl\":\"https:\/\/aromes-en-scene-cocktails.com\/wp-content\/uploads\/2023\/06\/cocktail-avec-tranche-de-citron.png\",\"width\":512,\"height\":512,\"caption\":\"Ar\u00f4mes en Sc\u00e8ne\"},\"image\":{\"@id\":\"https:\/\/aromes-en-scene-cocktails.com\/en\/#\/schema\/logo\/image\/\"}}]}<\/script>\n<!-- \/ Yoast SEO plugin. -->","yoast_head_json":{"title":"Negroni - Ar\u00f4mes en Sc\u00e8ne","robots":{"index":"index","follow":"follow","max-snippet":"max-snippet:-1","max-image-preview":"max-image-preview:large","max-video-preview":"max-video-preview:-1"},"canonical":"https:\/\/aromes-en-scene-cocktails.com\/en\/product\/negroni\/","og_locale":"en_GB","og_type":"article","og_title":"Negroni - Ar\u00f4mes en Sc\u00e8ne","og_description":"Ingr\u00e9dients : Pour 1 verre 4.5 cl de gin 2.25 cl de vermouth rouge 2.25 cl de liqueur am\u00e8re, Campari 1 zeste d\u2019orange","og_url":"https:\/\/aromes-en-scene-cocktails.com\/en\/product\/negroni\/","og_site_name":"Ar\u00f4mes en Sc\u00e8ne","article_modified_time":"2024-03-12T14:56:20+00:00","og_image":[{"width":1024,"height":1024,"url":"https:\/\/aromes-en-scene-cocktails.com\/wp-content\/uploads\/2024\/03\/DALL\u00b7E-2024-03-12-15.53.21-A-close-up-shot-of-a-Negroni-cocktail-capturing-its-vibrant-red-orange-color-in-a-classic-old-fashioned-glass.-The-glass-is-placed-on-a-rustic-wooden.webp","type":"image\/webp"}],"twitter_card":"summary_large_image","twitter_misc":{"Estimated reading time":"1 minute"},"schema":{"@context":"https:\/\/schema.org","@graph":[{"@type":"WebPage","@id":"https:\/\/aromes-en-scene-cocktails.com\/en\/product\/negroni\/","url":"https:\/\/aromes-en-scene-cocktails.com\/en\/product\/negroni\/","name":"Negroni - Ar\u00f4mes en Sc\u00e8ne","isPartOf":{"@id":"https:\/\/aromes-en-scene-cocktails.com\/en\/#website"},"primaryImageOfPage":{"@id":"https:\/\/aromes-en-scene-cocktails.com\/en\/product\/negroni\/#primaryimage"},"image":{"@id":"https:\/\/aromes-en-scene-cocktails.com\/en\/product\/negroni\/#primaryimage"},"thumbnailUrl":"https:\/\/aromes-en-scene-cocktails.com\/wp-content\/uploads\/2024\/03\/DALL\u00b7E-2024-03-12-15.53.21-A-close-up-shot-of-a-Negroni-cocktail-capturing-its-vibrant-red-orange-color-in-a-classic-old-fashioned-glass.-The-glass-is-placed-on-a-rustic-wooden.webp","datePublished":"2024-03-12T14:56:19+00:00","dateModified":"2024-03-12T14:56:20+00:00","breadcrumb":{"@id":"https:\/\/aromes-en-scene-cocktails.com\/en\/product\/negroni\/#breadcrumb"},"inLanguage":"en-GB","potentialAction":[{"@type":"ReadAction","target":["https:\/\/aromes-en-scene-cocktails.com\/en\/product\/negroni\/"]}]},{"@type":"ImageObject","inLanguage":"en-GB","@id":"https:\/\/aromes-en-scene-cocktails.com\/en\/product\/negroni\/#primaryimage","url":"https:\/\/aromes-en-scene-cocktails.com\/wp-content\/uploads\/2024\/03\/DALL\u00b7E-2024-03-12-15.53.21-A-close-up-shot-of-a-Negroni-cocktail-capturing-its-vibrant-red-orange-color-in-a-classic-old-fashioned-glass.-The-glass-is-placed-on-a-rustic-wooden.webp","contentUrl":"https:\/\/aromes-en-scene-cocktails.com\/wp-content\/uploads\/2024\/03\/DALL\u00b7E-2024-03-12-15.53.21-A-close-up-shot-of-a-Negroni-cocktail-capturing-its-vibrant-red-orange-color-in-a-classic-old-fashioned-glass.-The-glass-is-placed-on-a-rustic-wooden.webp","width":1024,"height":1024},{"@type":"BreadcrumbList","@id":"https:\/\/aromes-en-scene-cocktails.com\/en\/product\/negroni\/#breadcrumb","itemListElement":[{"@type":"ListItem","position":1,"name":"Home","item":"https:\/\/aromes-en-scene-cocktails.com\/"},{"@type":"ListItem","position":2,"name":"Produits","item":"https:\/\/aromes-en-scene-cocktails.com\/boutique\/"},{"@type":"ListItem","position":3,"name":"Negroni"}]},{"@type":"WebSite","@id":"https:\/\/aromes-en-scene-cocktails.com\/en\/#website","url":"https:\/\/aromes-en-scene-cocktails.com\/en\/","name":"Ar\u00f4mes en Sc\u00e8ne","description":"Unlimited cocktails, endless flavors","publisher":{"@id":"https:\/\/aromes-en-scene-cocktails.com\/en\/#organization"},"potentialAction":[{"@type":"SearchAction","target":{"@type":"EntryPoint","urlTemplate":"https:\/\/aromes-en-scene-cocktails.com\/en\/?s={search_term_string}"},"query-input":{"@type":"PropertyValueSpecification","valueRequired":true,"valueName":"search_term_string"}}],"inLanguage":"en-GB"},{"@type":"Organization","@id":"https:\/\/aromes-en-scene-cocktails.com\/en\/#organization","name":"Ar\u00f4mes en Sc\u00e8ne","url":"https:\/\/aromes-en-scene-cocktails.com\/en\/","logo":{"@type":"ImageObject","inLanguage":"en-GB","@id":"https:\/\/aromes-en-scene-cocktails.com\/en\/#\/schema\/logo\/image\/","url":"https:\/\/aromes-en-scene-cocktails.com\/wp-content\/uploads\/2023\/06\/cocktail-avec-tranche-de-citron.png","contentUrl":"https:\/\/aromes-en-scene-cocktails.com\/wp-content\/uploads\/2023\/06\/cocktail-avec-tranche-de-citron.png","width":512,"height":512,"caption":"Ar\u00f4mes en Sc\u00e8ne"},"image":{"@id":"https:\/\/aromes-en-scene-cocktails.com\/en\/#\/schema\/logo\/image\/"}}]}},"featured_media_urls":{"thumbnail":["https:\/\/aromes-en-scene-cocktails.com\/wp-content\/uploads\/2024\/03\/DALL\u00b7E-2024-03-12-15.53.21-A-close-up-shot-of-a-Negroni-cocktail-capturing-its-vibrant-red-orange-color-in-a-classic-old-fashioned-glass.-The-glass-is-placed-on-a-rustic-wooden-150x150.webp",150,150,true],"medium":["https:\/\/aromes-en-scene-cocktails.com\/wp-content\/uploads\/2024\/03\/DALL\u00b7E-2024-03-12-15.53.21-A-close-up-shot-of-a-Negroni-cocktail-capturing-its-vibrant-red-orange-color-in-a-classic-old-fashioned-glass.-The-glass-is-placed-on-a-rustic-wooden-300x300.webp",300,300,true],"medium_large":["https:\/\/aromes-en-scene-cocktails.com\/wp-content\/uploads\/2024\/03\/DALL\u00b7E-2024-03-12-15.53.21-A-close-up-shot-of-a-Negroni-cocktail-capturing-its-vibrant-red-orange-color-in-a-classic-old-fashioned-glass.-The-glass-is-placed-on-a-rustic-wooden-768x768.webp",768,768,true],"large":["https:\/\/aromes-en-scene-cocktails.com\/wp-content\/uploads\/2024\/03\/DALL\u00b7E-2024-03-12-15.53.21-A-close-up-shot-of-a-Negroni-cocktail-capturing-its-vibrant-red-orange-color-in-a-classic-old-fashioned-glass.-The-glass-is-placed-on-a-rustic-wooden.webp",950,950,false],"1536x1536":["https:\/\/aromes-en-scene-cocktails.com\/wp-content\/uploads\/2024\/03\/DALL\u00b7E-2024-03-12-15.53.21-A-close-up-shot-of-a-Negroni-cocktail-capturing-its-vibrant-red-orange-color-in-a-classic-old-fashioned-glass.-The-glass-is-placed-on-a-rustic-wooden.webp",1024,1024,false],"2048x2048":["https:\/\/aromes-en-scene-cocktails.com\/wp-content\/uploads\/2024\/03\/DALL\u00b7E-2024-03-12-15.53.21-A-close-up-shot-of-a-Negroni-cocktail-capturing-its-vibrant-red-orange-color-in-a-classic-old-fashioned-glass.-The-glass-is-placed-on-a-rustic-wooden.webp",1024,1024,false],"trp-custom-language-flag":["https:\/\/aromes-en-scene-cocktails.com\/wp-content\/uploads\/2024\/03\/DALL\u00b7E-2024-03-12-15.53.21-A-close-up-shot-of-a-Negroni-cocktail-capturing-its-vibrant-red-orange-color-in-a-classic-old-fashioned-glass.-The-glass-is-placed-on-a-rustic-wooden-12x12.webp",12,12,true],"inspiro-featured-image":["https:\/\/aromes-en-scene-cocktails.com\/wp-content\/uploads\/2024\/03\/DALL\u00b7E-2024-03-12-15.53.21-A-close-up-shot-of-a-Negroni-cocktail-capturing-its-vibrant-red-orange-color-in-a-classic-old-fashioned-glass.-The-glass-is-placed-on-a-rustic-wooden.webp",1024,1024,false],"inspiro-loop":["https:\/\/aromes-en-scene-cocktails.com\/wp-content\/uploads\/2024\/03\/DALL\u00b7E-2024-03-12-15.53.21-A-close-up-shot-of-a-Negroni-cocktail-capturing-its-vibrant-red-orange-color-in-a-classic-old-fashioned-glass.-The-glass-is-placed-on-a-rustic-wooden-950x320.webp",950,320,true],"inspiro-loop@2x":["https:\/\/aromes-en-scene-cocktails.com\/wp-content\/uploads\/2024\/03\/DALL\u00b7E-2024-03-12-15.53.21-A-close-up-shot-of-a-Negroni-cocktail-capturing-its-vibrant-red-orange-color-in-a-classic-old-fashioned-glass.-The-glass-is-placed-on-a-rustic-wooden-1024x640.webp",1024,640,true],"woocommerce_thumbnail":["https:\/\/aromes-en-scene-cocktails.com\/wp-content\/uploads\/2024\/03\/DALL\u00b7E-2024-03-12-15.53.21-A-close-up-shot-of-a-Negroni-cocktail-capturing-its-vibrant-red-orange-color-in-a-classic-old-fashioned-glass.-The-glass-is-placed-on-a-rustic-wooden-300x300.webp",300,300,true],"woocommerce_single":["https:\/\/aromes-en-scene-cocktails.com\/wp-content\/uploads\/2024\/03\/DALL\u00b7E-2024-03-12-15.53.21-A-close-up-shot-of-a-Negroni-cocktail-capturing-its-vibrant-red-orange-color-in-a-classic-old-fashioned-glass.-The-glass-is-placed-on-a-rustic-wooden-600x600.webp",600,600,true],"woocommerce_gallery_thumbnail":["https:\/\/aromes-en-scene-cocktails.com\/wp-content\/uploads\/2024\/03\/DALL\u00b7E-2024-03-12-15.53.21-A-close-up-shot-of-a-Negroni-cocktail-capturing-its-vibrant-red-orange-color-in-a-classic-old-fashioned-glass.-The-glass-is-placed-on-a-rustic-wooden-100x100.webp",100,100,true],"portfolio_item-thumbnail":["https:\/\/aromes-en-scene-cocktails.com\/wp-content\/uploads\/2024\/03\/DALL\u00b7E-2024-03-12-15.53.21-A-close-up-shot-of-a-Negroni-cocktail-capturing-its-vibrant-red-orange-color-in-a-classic-old-fashioned-glass.-The-glass-is-placed-on-a-rustic-wooden.webp",400,400,false],"portfolio_item-thumbnail@2x":["https:\/\/aromes-en-scene-cocktails.com\/wp-content\/uploads\/2024\/03\/DALL\u00b7E-2024-03-12-15.53.21-A-close-up-shot-of-a-Negroni-cocktail-capturing-its-vibrant-red-orange-color-in-a-classic-old-fashioned-glass.-The-glass-is-placed-on-a-rustic-wooden.webp",800,800,false],"portfolio_item-masonry":["https:\/\/aromes-en-scene-cocktails.com\/wp-content\/uploads\/2024\/03\/DALL\u00b7E-2024-03-12-15.53.21-A-close-up-shot-of-a-Negroni-cocktail-capturing-its-vibrant-red-orange-color-in-a-classic-old-fashioned-glass.-The-glass-is-placed-on-a-rustic-wooden.webp",600,600,false],"portfolio_item-masonry@2x":["https:\/\/aromes-en-scene-cocktails.com\/wp-content\/uploads\/2024\/03\/DALL\u00b7E-2024-03-12-15.53.21-A-close-up-shot-of-a-Negroni-cocktail-capturing-its-vibrant-red-orange-color-in-a-classic-old-fashioned-glass.-The-glass-is-placed-on-a-rustic-wooden.webp",1024,1024,false],"portfolio_item-thumbnail_cinema":["https:\/\/aromes-en-scene-cocktails.com\/wp-content\/uploads\/2024\/03\/DALL\u00b7E-2024-03-12-15.53.21-A-close-up-shot-of-a-Negroni-cocktail-capturing-its-vibrant-red-orange-color-in-a-classic-old-fashioned-glass.-The-glass-is-placed-on-a-rustic-wooden.webp",335,335,false],"portfolio_item-thumbnail_portrait":["https:\/\/aromes-en-scene-cocktails.com\/wp-content\/uploads\/2024\/03\/DALL\u00b7E-2024-03-12-15.53.21-A-close-up-shot-of-a-Negroni-cocktail-capturing-its-vibrant-red-orange-color-in-a-classic-old-fashioned-glass.-The-glass-is-placed-on-a-rustic-wooden.webp",600,600,false],"portfolio_item-thumbnail_portrait@2x":["https:\/\/aromes-en-scene-cocktails.com\/wp-content\/uploads\/2024\/03\/DALL\u00b7E-2024-03-12-15.53.21-A-close-up-shot-of-a-Negroni-cocktail-capturing-its-vibrant-red-orange-color-in-a-classic-old-fashioned-glass.-The-glass-is-placed-on-a-rustic-wooden.webp",1024,1024,false],"portfolio_item-thumbnail_square":["https:\/\/aromes-en-scene-cocktails.com\/wp-content\/uploads\/2024\/03\/DALL\u00b7E-2024-03-12-15.53.21-A-close-up-shot-of-a-Negroni-cocktail-capturing-its-vibrant-red-orange-color-in-a-classic-old-fashioned-glass.-The-glass-is-placed-on-a-rustic-wooden.webp",800,800,false]},"_links":{"self":[{"href":"https:\/\/aromes-en-scene-cocktails.com\/en\/wp-json\/wp\/v2\/product\/675","targetHints":{"allow":["GET"]}}],"collection":[{"href":"https:\/\/aromes-en-scene-cocktails.com\/en\/wp-json\/wp\/v2\/product"}],"about":[{"href":"https:\/\/aromes-en-scene-cocktails.com\/en\/wp-json\/wp\/v2\/types\/product"}],"replies":[{"embeddable":true,"href":"https:\/\/aromes-en-scene-cocktails.com\/en\/wp-json\/wp\/v2\/comments?post=675"}],"version-history":[{"count":1,"href":"https:\/\/aromes-en-scene-cocktails.com\/en\/wp-json\/wp\/v2\/product\/675\/revisions"}],"predecessor-version":[{"id":677,"href":"https:\/\/aromes-en-scene-cocktails.com\/en\/wp-json\/wp\/v2\/product\/675\/revisions\/677"}],"wp:featuredmedia":[{"embeddable":true,"href":"https:\/\/aromes-en-scene-cocktails.com\/en\/wp-json\/wp\/v2\/media\/676"}],"wp:attachment":[{"href":"https:\/\/aromes-en-scene-cocktails.com\/en\/wp-json\/wp\/v2\/media?parent=675"}],"wp:term":[{"taxonomy":"product_brand","embeddable":true,"href":"https:\/\/aromes-en-scene-cocktails.com\/en\/wp-json\/wp\/v2\/product_brand?post=675"},{"taxonomy":"product_cat","embeddable":true,"href":"https:\/\/aromes-en-scene-cocktails.com\/en\/wp-json\/wp\/v2\/product_cat?post=675"},{"taxonomy":"product_tag","embeddable":true,"href":"https:\/\/aromes-en-scene-cocktails.com\/en\/wp-json\/wp\/v2\/product_tag?post=675"}],"curies":[{"name":"wp","href":"https:\/\/api.w.org\/{rel}","templated":true}]}}